{"id":2417,"date":"2020-12-18T18:46:47","date_gmt":"2020-12-19T00:46:47","guid":{"rendered":"http:\/\/latinoseguros.com.mx.previewc75.carrierzone.com\/sitio2020\/?page_id=2417"},"modified":"2020-12-18T18:55:02","modified_gmt":"2020-12-19T00:55:02","slug":"compra-protegida","status":"publish","type":"page","link":"https:\/\/latinoseguros.com.mx\/sitio2021\/empresas\/compra-protegida\/","title":{"rendered":"Compra Protegida"},"content":{"rendered":"<p>[vc_row full_width=&#8221;stretch_row&#8221;][vc_column]<div id=\"sc_title_493360459\"\r\n\t\tclass=\"sc_title_align_center sc_title sc_title_default\"><h3 class=\"sc_item_title sc_title_title sc_align_center sc_item_title_style_default\">Coberturas<\/h3><\/div><!-- \/.sc_title -->[\/vc_column][\/vc_row][vc_row content_placement=&#8221;middle&#8221; css=&#8221;.vc_custom_1604527261597{margin-bottom: 100px !important;}&#8221;][vc_column width=&#8221;1\/2&#8243;][vc_single_image image=&#8221;2355&#8243; img_size=&#8221;full&#8221;][\/vc_column][vc_column width=&#8221;1\/2&#8243;][vc_column_text]<strong>Socio Tradicional:<\/strong><\/p>\n<ul>\n<li>Robo de mercanc\u00eda<\/li>\n<li>Robo de bolso, cartera o celular<\/li>\n<li>Robo en cajero autom\u00e1tico<\/li>\n<\/ul>\n<p><strong>Socio Golden:<\/strong><\/p>\n<ul>\n<li>Robo de mercanc\u00eda<\/li>\n<li>Robo de bolso, cartera o celular<\/li>\n<li>Robo en cajero autom\u00e1tico<\/li>\n<\/ul>\n<p>[\/vc_column_text][\/vc_column][\/vc_row][vc_row css=&#8221;.vc_custom_1608339218947{margin-bottom: 80px !important;}&#8221;][vc_column width=&#8221;1\/3&#8243;]<div class=\"sc_item_button sc_button_wrap sc_align_center\"><a href=\"http:\/\/latinoseguros.com.mx\/sitio2021\/wp-content\/uploads\/2020\/12\/derechos_basicos_danos.pdf\" id=\"sc_button_1782499434\" class=\"sc_button sc_button_default  vc_custom_1608339158667 color_preset_dark sc_button_size_normal sc_button_icon_left\"><span class=\"sc_button_text\"><span class=\"sc_button_title\">DERECHOS B\u00c1SICOS<\/span><\/span><!-- \/.sc_button_text --><\/a><!-- \/.sc_button --><\/div><!-- \/.sc_item_button -->[\/vc_column][vc_column width=&#8221;1\/3&#8243;]<div class=\"sc_item_button sc_button_wrap sc_align_center\"><a href=\"http:\/\/latinoseguros.com.mx\/sitio2021\/wp-content\/uploads\/2020\/12\/condiciones_seguro_compra_protegida.pdf\" id=\"sc_button_1537833420\" class=\"sc_button sc_button_default  vc_custom_1608339245636 color_preset_dark sc_button_size_normal sc_button_icon_left\"><span class=\"sc_button_text\"><span class=\"sc_button_title\">condiciones generales<\/span><\/span><!-- \/.sc_button_text --><\/a><!-- \/.sc_button --><\/div><!-- \/.sc_item_button -->[\/vc_column][vc_column width=&#8221;1\/3&#8243;]<div class=\"sc_item_button sc_button_wrap sc_align_center\"><a href=\"http:\/\/latinoseguros.com.mx\/sitio2021\/wp-content\/uploads\/2020\/12\/politicas_danos.pdf\" id=\"sc_button_1995884171\" class=\"sc_button sc_button_default  vc_custom_1608339269338 color_preset_dark sc_button_size_normal sc_button_icon_left\"><span class=\"sc_button_text\"><span class=\"sc_button_title\">POL\u00cdTICAS PARA AJUSTADORES<\/span><\/span><!-- \/.sc_button_text --><\/a><!-- \/.sc_button --><\/div><!-- \/.sc_item_button -->[\/vc_column][\/vc_row]<\/p>\n","protected":false},"excerpt":{"rendered":"<p>[vc_row full_width=&#8221;stretch_row&#8221;][vc_column][\/vc_column][\/vc_row][vc_row content_placement=&#8221;middle&#8221; css=&#8221;.vc_custom_1604527261597{margin-bottom: 100px !important;}&#8221;][vc_column width=&#8221;1\/2&#8243;][vc_single_image image=&#8221;2355&#8243; img_size=&#8221;full&#8221;][\/vc_column][vc_column width=&#8221;1\/2&#8243;][vc_column_text]Socio Tradicional: Robo de mercanc\u00eda Robo de bolso, cartera o celular Robo en cajero autom\u00e1tico Socio Golden: Robo de mercanc\u00eda Robo de bolso, cartera o celular Robo en cajero autom\u00e1tico [\/vc_column_text][\/vc_column][\/vc_row][vc_row&hellip;<\/p>\n","protected":false},"author":1,"featured_media":0,"parent":1669,"menu_order":0,"comment_status":"closed","ping_status":"closed","template":"","meta":{"_seopress_robots_primary_cat":"","content-type":"","footnotes":""},"class_list":["post-2417","page","type-page","status-publish","hentry"],"_links":{"self":[{"href":"https:\/\/latinoseguros.com.mx\/sitio2021\/wp-json\/wp\/v2\/pages\/2417","targetHints":{"allow":["GET"]}}],"collection":[{"href":"https:\/\/latinoseguros.com.mx\/sitio2021\/wp-json\/wp\/v2\/pages"}],"about":[{"href":"https:\/\/latinoseguros.com.mx\/sitio2021\/wp-json\/wp\/v2\/types\/page"}],"author":[{"embeddable":true,"href":"https:\/\/latinoseguros.com.mx\/sitio2021\/wp-json\/wp\/v2\/users\/1"}],"replies":[{"embeddable":true,"href":"https:\/\/latinoseguros.com.mx\/sitio2021\/wp-json\/wp\/v2\/comments?post=2417"}],"version-history":[{"count":3,"href":"https:\/\/latinoseguros.com.mx\/sitio2021\/wp-json\/wp\/v2\/pages\/2417\/revisions"}],"predecessor-version":[{"id":2423,"href":"https:\/\/latinoseguros.com.mx\/sitio2021\/wp-json\/wp\/v2\/pages\/2417\/revisions\/2423"}],"up":[{"embeddable":true,"href":"https:\/\/latinoseguros.com.mx\/sitio2021\/wp-json\/wp\/v2\/pages\/1669"}],"wp:attachment":[{"href":"https:\/\/latinoseguros.com.mx\/sitio2021\/wp-json\/wp\/v2\/media?parent=2417"}],"curies":[{"name":"wp","href":"https:\/\/api.w.org\/{rel}","templated":true}]}}