{"id":2239,"date":"2020-11-17T19:02:30","date_gmt":"2020-11-18T01:02:30","guid":{"rendered":"http:\/\/latinoseguros.com.mx.previewc75.carrierzone.com\/sitio2020\/?page_id=2239"},"modified":"2025-12-22T14:20:41","modified_gmt":"2025-12-22T20:20:41","slug":"buro-de-entidades-financieras","status":"publish","type":"page","link":"https:\/\/latinoseguros.com.mx\/sitio2021\/buro-de-entidades-financieras\/","title":{"rendered":"Bur\u00f3 de Entidades Financieras"},"content":{"rendered":"<p>[vc_row css=&#8221;.vc_custom_1605661561190{margin-top: 80px !important;margin-bottom: 80px !important;}&#8221;][vc_column][vc_column_text]Es una herramienta de consulta y difusi\u00f3n con la que podr\u00e1s conocer los productos que ofrecen las entidades financieras, sus comisiones y tasas, las reclamaciones de los usuarios, las pr\u00e1cticas no sanas en que incurren, las sanciones administrativas que les han impuesto, las cl\u00e1usulas abusivas de sus contratos y otra informaci\u00f3n que resulte relevante para informarte sobre su desempe\u00f1o.<\/p>\n<p>Con el Bur\u00f3 de Entidades Financieras, se lograr\u00e1 saber qui\u00e9n es qui\u00e9n en bancos, seguros, sociedades financieras de objeto m\u00faltiple, cajas de ahorro, afores, entre otras entidades.<\/p>\n<p>Con ello, podr\u00e1s comparar y evaluar a las entidades financieras, sus productos y servicios y tendr\u00e1s mayores elementos para elegir lo que m\u00e1s te convenga. Esta informaci\u00f3n te ser\u00e1 \u00fatil para elegir un producto financiero y tambi\u00e9n para conocer y usar mejor los que ya tienes.<\/p>\n<p>Este Bur\u00f3 de Entidades Financieras, es una herramienta que puede contribuir al crecimiento econ\u00f3mico del pa\u00eds, al promover la competencia entre las instituciones financieras; que impulsar\u00e1 la transparencia al revelar informaci\u00f3n a los usuarios sobre el desempe\u00f1o de \u00e9stas y los productos que ofrecen y que va a facilitar un manejo responsable de los productos y servicios financieros al conocer a detalle sus caracter\u00edsticas.<\/p>\n<p>Lo anterior, podr\u00e1 derivar en un mayor bienestar social, porque al conjuntar en un solo espacio tan diversa informaci\u00f3n del sistema financiero, el usuario tendr\u00e1 m\u00e1s elementos para optimizar su presupuesto, para mejorar sus finanzas personales, para utilizar correctamente los cr\u00e9ditos que fortalecer\u00e1n su econom\u00eda y obtener los seguros que la protejan, entre otros aspectos.<\/p>\n<p>La informaci\u00f3n que aqu\u00ed se contiene corresponde \u00fanicamente a La Latinoamericana Seguros, Sociedad An\u00f3nima; para conocer la informaci\u00f3n de todo el sector deber\u00e1 acceder al sitio <a href=\"http:\/\/www.buro.gob.mx\" target=\"_blank\" rel=\"noopener noreferrer\">http:\/\/www.buro.gob.mx<\/a>.<\/p>\n<ul>\n<li><a href=\"https:\/\/latinoseguros.com.mx\/sitio2021\/wp-content\/uploads\/2025\/12\/Comportamiento-General-de-Aseguradoras-Enero-Junio-2025.png\">Comportamiento General &#8211; Enero a Junio 2025<\/a><\/li>\n<li><a href=\"https:\/\/latinoseguros.com.mx\/sitio2021\/wp-content\/uploads\/2025\/12\/IDATU-2025.png\">\u00cdndice de desempe\u00f1o de atenci\u00f3n a usuarios (IDATU) &#8211; Enero a Junio 2025<\/a><\/li>\n<li><a href=\"https:\/\/latinoseguros.com.mx\/sitio2021\/wp-content\/uploads\/2025\/12\/Evaluacion-CONDUSEF-2025.png\">Evaluaci\u00f3n de CONDUSEF en los principales productos ofertados &#8211; Enero a Junio 2025<\/a><\/li>\n<\/ul>\n<p>[\/vc_column_text][\/vc_column][\/vc_row]<\/p>\n","protected":false},"excerpt":{"rendered":"<p>[vc_row css=&#8221;.vc_custom_1605661561190{margin-top: 80px !important;margin-bottom: 80px !important;}&#8221;][vc_column][vc_column_text]Es una herramienta de consulta y difusi\u00f3n con la que podr\u00e1s conocer los productos que ofrecen las entidades financieras, sus comisiones y tasas, las reclamaciones de los usuarios, las pr\u00e1cticas no sanas en que incurren,&hellip;<\/p>\n","protected":false},"author":1,"featured_media":0,"parent":0,"menu_order":0,"comment_status":"closed","ping_status":"closed","template":"","meta":{"_seopress_robots_primary_cat":"","content-type":"","footnotes":""},"class_list":["post-2239","page","type-page","status-publish","hentry"],"_links":{"self":[{"href":"https:\/\/latinoseguros.com.mx\/sitio2021\/wp-json\/wp\/v2\/pages\/2239","targetHints":{"allow":["GET"]}}],"collection":[{"href":"https:\/\/latinoseguros.com.mx\/sitio2021\/wp-json\/wp\/v2\/pages"}],"about":[{"href":"https:\/\/latinoseguros.com.mx\/sitio2021\/wp-json\/wp\/v2\/types\/page"}],"author":[{"embeddable":true,"href":"https:\/\/latinoseguros.com.mx\/sitio2021\/wp-json\/wp\/v2\/users\/1"}],"replies":[{"embeddable":true,"href":"https:\/\/latinoseguros.com.mx\/sitio2021\/wp-json\/wp\/v2\/comments?post=2239"}],"version-history":[{"count":10,"href":"https:\/\/latinoseguros.com.mx\/sitio2021\/wp-json\/wp\/v2\/pages\/2239\/revisions"}],"predecessor-version":[{"id":7463,"href":"https:\/\/latinoseguros.com.mx\/sitio2021\/wp-json\/wp\/v2\/pages\/2239\/revisions\/7463"}],"wp:attachment":[{"href":"https:\/\/latinoseguros.com.mx\/sitio2021\/wp-json\/wp\/v2\/media?parent=2239"}],"curies":[{"name":"wp","href":"https:\/\/api.w.org\/{rel}","templated":true}]}}