{"id":1981,"date":"2020-11-13T14:24:58","date_gmt":"2020-11-13T20:24:58","guid":{"rendered":"http:\/\/latinoseguros.com.mx.previewc75.carrierzone.com\/sitio2020\/?page_id=1981"},"modified":"2020-11-13T14:32:46","modified_gmt":"2020-11-13T20:32:46","slug":"restricciones-de-contratacion","status":"publish","type":"page","link":"https:\/\/latinoseguros.com.mx\/sitio2021\/contratacion-seguros\/restricciones-de-contratacion\/","title":{"rendered":"Restricciones de Contrataci\u00f3n"},"content":{"rendered":"<p>[vc_row css=&#8221;.vc_custom_1605295785264{margin-bottom: 80px !important;}&#8221;][vc_column width=&#8221;1\/3&#8243;]<div id=\"sc_title_1453304648\"\r\n\t\tclass=\"sc_title_align_default sc_title sc_title_default\"><h4 class=\"sc_item_title sc_title_title sc_align_default sc_item_title_style_default sc_item_title_tag\">Seguro de auto<\/h4><\/div><!-- \/.sc_title -->[vc_column_text]<\/p>\n<p style=\"text-align:justify\">La cobertura de autos legalizados, blindados, importados y de equipo especial y\/o adaptaciones, est\u00e1 sujeta a los procesos de suscripci\u00f3n de Latino Seguros.<\/p>\n<p>[\/vc_column_text][\/vc_column][vc_column width=&#8221;1\/3&#8243;]<div id=\"sc_title_164126266\"\r\n\t\tclass=\"sc_title_align_default sc_title sc_title_default\"><h4 class=\"sc_item_title sc_title_title sc_align_default sc_item_title_style_default sc_item_title_tag\">Seguro de auto cl\u00e1sico<\/h4><\/div><!-- \/.sc_title -->[vc_column_text]<\/p>\n<p style=\"text-align: justify;\">Para asegurar un auto cl\u00e1sico es necesario que tengas asegurado tu auto de uso com\u00fan con Latino Seguros.<\/p>\n<p>[\/vc_column_text][\/vc_column][vc_column width=&#8221;1\/3&#8243;]<div id=\"sc_title_1010152559\"\r\n\t\tclass=\"sc_title_align_default sc_title sc_title_default\"><h4 class=\"sc_item_title sc_title_title sc_align_default sc_item_title_style_default sc_item_title_tag\">Seguro de Gastos M\u00e9dicos Mayores<\/h4><\/div><!-- \/.sc_title -->[vc_column_text]<\/p>\n<p style=\"text-align: justify;\">La cobertura familiar s\u00f3lo ampara al asegurado titular y sus dependientes directos (c\u00f3nyuge e hijos menores de 25 a\u00f1os).<\/p>\n<p>[\/vc_column_text][\/vc_column][\/vc_row][vc_row css=&#8221;.vc_custom_1605298798608{margin-bottom: 80px !important;}&#8221;][vc_column width=&#8221;1\/3&#8243;]<div id=\"sc_title_970245334\"\r\n\t\tclass=\"sc_title_align_default sc_title sc_title_default\"><h4 class=\"sc_item_title sc_title_title sc_align_default sc_item_title_style_default sc_item_title_tag\">Seguro de vida<\/h4><\/div><!-- \/.sc_title -->[vc_column_text]<\/p>\n<p style=\"text-align: justify;\">A\u00fan cuando se contrate un seguro en d\u00f3lares americanos, los pagos se realizar\u00e1n conforme al tipo de cambio para solventar obligaciones denominadas en moneda extranjera pagaderas en moneda nacional en la Rep\u00fablica Mexicana, publicadas por el Banco de M\u00e9xico.<\/p>\n<p>[\/vc_column_text][\/vc_column][vc_column width=&#8221;1\/3&#8243;]<div id=\"sc_title_284238298\"\r\n\t\tclass=\"sc_title_align_default sc_title sc_title_default\"><h4 class=\"sc_item_title sc_title_title sc_align_default sc_item_title_style_default sc_item_title_tag\">Seguro de accidentes personales escolares<\/h4><\/div><!-- \/.sc_title -->[vc_column_text]<\/p>\n<p style=\"text-align: justify;\">La cobertura aplica dentro de las instalaciones del colegio y en los horarios registrados, cualquier cambio deber\u00e1 ser reportado a Latino Seguros, de lo contrario no proceder\u00e1 la cobertura en caso de siniestro.<\/p>\n<p>[\/vc_column_text][\/vc_column][vc_column width=&#8221;1\/3&#8243;]<div id=\"sc_title_1288448866\"\r\n\t\tclass=\"sc_title_align_default sc_title sc_title_default\"><h4 class=\"sc_item_title sc_title_title sc_align_default sc_item_title_style_default sc_item_title_tag\">Seguro de accidentes<\/h4><\/div><!-- \/.sc_title -->[vc_column_text]<\/p>\n<ul>\n<li style=\"font-weight: 400;\"><span style=\"font-weight: 400;\">Las coberturas de Fallecimiento e Indemnizaci\u00f3n Diaria por Incapacidad no se otorgan a menores de 12 a\u00f1os.<\/span><\/li>\n<li style=\"font-weight: 400;\"><span style=\"font-weight: 400;\">Las coberturas de P\u00e9rdida de Miembros y Vista y Gastos M\u00e9dicos Mayores no se otorgan a menores de 3 a\u00f1os.<\/span><\/li>\n<li style=\"font-weight: 400;\"><span style=\"font-weight: 400;\">La edad m\u00e1xima de aceptaci\u00f3n para la cobertura de Accidentes Personales es de 69 a\u00f1os.<\/span><\/li>\n<\/ul>\n<p>[\/vc_column_text][\/vc_column][\/vc_row][vc_row css=&#8221;.vc_custom_1605298798608{margin-bottom: 80px !important;}&#8221;][vc_column width=&#8221;1\/3&#8243;]<div id=\"sc_title_660888663\"\r\n\t\tclass=\"sc_title_align_default sc_title sc_title_default\"><h4 class=\"sc_item_title sc_title_title sc_align_default sc_item_title_style_default sc_item_title_tag\">Seguro de taxi<\/h4><\/div><!-- \/.sc_title -->[vc_column_text]<\/p>\n<ul>\n<li style=\"font-weight: 400;\"><span style=\"font-weight: 400;\">Para unidades de hasta 20 a\u00f1os de antig\u00fcedad s\u00f3lo otorgamos la cobertura de Responsabilidad Civil.<\/span><\/li>\n<li style=\"font-weight: 400;\"><span style=\"font-weight: 400;\">Para unidades de hasta 10 a\u00f1os de antig\u00fcedad amparamos en cobertura Amplia y Limitada.<\/span><\/li>\n<li style=\"font-weight: 400;\"><span style=\"font-weight: 400;\">Para unidades de hasta 15 a\u00f1os de antig\u00fcedad amparados en cobertura Limitada y Responsabilidad Civil.<\/span><\/li>\n<\/ul>\n<p>[\/vc_column_text][\/vc_column][vc_column width=&#8221;1\/3&#8243;]<div id=\"sc_title_1835588424\"\r\n\t\tclass=\"sc_title_align_default sc_title sc_title_default\"><h4 class=\"sc_item_title sc_title_title sc_align_default sc_item_title_style_default sc_item_title_tag\">Seguro de da\u00f1os empresa<\/h4><\/div><!-- \/.sc_title -->[vc_column_text]No aceptamos riesgos textiles, pl\u00e1sticos, papel, qu\u00edmicos.[\/vc_column_text][\/vc_column][vc_column width=&#8221;1\/3&#8243;]<div id=\"sc_title_1078952905\"\r\n\t\tclass=\"sc_title_align_default sc_title sc_title_default\"><h4 class=\"sc_item_title sc_title_title sc_align_default sc_item_title_style_default sc_item_title_tag\">Seguro de da\u00f1os hogar<\/h4><\/div><!-- \/.sc_title -->[vc_column_text]<\/p>\n<ul>\n<li style=\"font-weight: 400;\"><span style=\"font-weight: 400;\">La aceptaci\u00f3n del riesgo est\u00e1 sujeta a los procesos de suscripci\u00f3n de La Latino.<\/span><\/li>\n<li style=\"font-weight: 400;\"><span style=\"font-weight: 400;\">Para mayor informaci\u00f3n relacionada con las coberturas que se ofrecen en este producto favor de remitirse a la presentaci\u00f3n y Condiciones Generales del mismo.<\/span><\/li>\n<\/ul>\n<p>[\/vc_column_text][\/vc_column][\/vc_row][vc_row css=&#8221;.vc_custom_1605298798608{margin-bottom: 80px !important;}&#8221;][vc_column width=&#8221;1\/3&#8243;]<div id=\"sc_title_1062422185\"\r\n\t\tclass=\"sc_title_align_default sc_title sc_title_default\"><h4 class=\"sc_item_title sc_title_title sc_align_default sc_item_title_style_default sc_item_title_tag\">Seguro de calidad de la vivienda<\/h4><\/div><!-- \/.sc_title -->[vc_column_text]<\/p>\n<ul>\n<li><span style=\"font-weight: 400;\">La aceptaci\u00f3n del riesgo est\u00e1 sujeta a los procesos de suscripci\u00f3n de La Latino Seguros.<\/span><\/li>\n<li><span style=\"font-weight: 400;\">Para mayor informaci\u00f3n relacionada con las coberturas que se ofrecen en este producto favor de remitirse a la presentaci\u00f3n y Condiciones Generales del mismo.<\/span><\/li>\n<\/ul>\n<p>[\/vc_column_text][\/vc_column][\/vc_row]<\/p>\n","protected":false},"excerpt":{"rendered":"<p>[vc_row css=&#8221;.vc_custom_1605295785264{margin-bottom: 80px !important;}&#8221;][vc_column width=&#8221;1\/3&#8243;][vc_column_text] La cobertura de autos legalizados, blindados, importados y de equipo especial y\/o adaptaciones, est\u00e1 sujeta a los procesos de suscripci\u00f3n de Latino Seguros. [\/vc_column_text][\/vc_column][vc_column width=&#8221;1\/3&#8243;][vc_column_text] Para asegurar un auto cl\u00e1sico es necesario que tengas asegurado&hellip;<\/p>\n","protected":false},"author":1,"featured_media":0,"parent":1959,"menu_order":0,"comment_status":"closed","ping_status":"closed","template":"","meta":{"_seopress_robots_primary_cat":"","content-type":"","footnotes":""},"class_list":["post-1981","page","type-page","status-publish","hentry"],"_links":{"self":[{"href":"https:\/\/latinoseguros.com.mx\/sitio2021\/wp-json\/wp\/v2\/pages\/1981","targetHints":{"allow":["GET"]}}],"collection":[{"href":"https:\/\/latinoseguros.com.mx\/sitio2021\/wp-json\/wp\/v2\/pages"}],"about":[{"href":"https:\/\/latinoseguros.com.mx\/sitio2021\/wp-json\/wp\/v2\/types\/page"}],"author":[{"embeddable":true,"href":"https:\/\/latinoseguros.com.mx\/sitio2021\/wp-json\/wp\/v2\/users\/1"}],"replies":[{"embeddable":true,"href":"https:\/\/latinoseguros.com.mx\/sitio2021\/wp-json\/wp\/v2\/comments?post=1981"}],"version-history":[{"count":2,"href":"https:\/\/latinoseguros.com.mx\/sitio2021\/wp-json\/wp\/v2\/pages\/1981\/revisions"}],"predecessor-version":[{"id":1984,"href":"https:\/\/latinoseguros.com.mx\/sitio2021\/wp-json\/wp\/v2\/pages\/1981\/revisions\/1984"}],"up":[{"embeddable":true,"href":"https:\/\/latinoseguros.com.mx\/sitio2021\/wp-json\/wp\/v2\/pages\/1959"}],"wp:attachment":[{"href":"https:\/\/latinoseguros.com.mx\/sitio2021\/wp-json\/wp\/v2\/media?parent=1981"}],"curies":[{"name":"wp","href":"https:\/\/api.w.org\/{rel}","templated":true}]}}