{"id":1746,"date":"2020-11-06T15:35:02","date_gmt":"2020-11-06T21:35:02","guid":{"rendered":"http:\/\/latinoseguros.com.mx.previewc75.carrierzone.com\/sitio2020\/?page_id=1746"},"modified":"2021-02-03T17:08:03","modified_gmt":"2021-02-03T23:08:03","slug":"nosotros","status":"publish","type":"page","link":"https:\/\/latinoseguros.com.mx\/sitio2021\/conocenos\/nosotros\/","title":{"rendered":"Nosotros"},"content":{"rendered":"<p>[vc_row full_width=&#8221;stretch_row&#8221; css_animation=&#8221;slideInUp&#8221; css=&#8221;.vc_custom_1604701021907{margin-bottom: 100px !important;background-color: #f7f8f9 !important;}&#8221;][vc_column][vc_empty_space height=&#8221;4.1428em&#8221; alter_height=&#8221;none&#8221; hide_on_mobile=&#8221;&#8221;][vc_empty_space height=&#8221;4.1428em&#8221; alter_height=&#8221;none&#8221; hide_on_mobile=&#8221;&#8221;][vc_row_inner][vc_column_inner]<div id=\"sc_title_211300657\"\r\n\t\tclass=\"sc_title_align_center sc_title sc_title_default\"><h3 class=\"sc_item_title sc_title_title sc_align_center sc_item_title_style_default\">\u00bfQui\u00e9n es Latino Seguros?<\/h3><div class=\"sc_item_descr sc_title_descr sc_align_center\">Somos una aseguradora multiramo con m\u00e1s de un siglo de experiencia en el mercado, enfocada en respaldar la econom\u00eda de M\u00e9xico, obteniendo su capital de manera 100% nacional. Representada por la solidez de uno de los monumentos hist\u00f3ricos m\u00e1s importantes en M\u00e9xico: La Torre Latinoamericana.<\/div><\/div><!-- \/.sc_title -->[\/vc_column_inner][\/vc_row_inner][vc_row_inner equal_height=&#8221;yes&#8221;][vc_column_inner width=&#8221;1\/3&#8243;][vc_single_image image=&#8221;1475&#8243; img_size=&#8221;full&#8221;][vc_column_text css=&#8221;.vc_custom_1604692645506{padding-top: 35px !important;padding-right: 20px !important;padding-bottom: 35px !important;}&#8221; el_class=&#8221;quienes-somos&#8221;]<\/p>\n<h4 class=\"sc_services_item_title\" style=\"text-align: center;\">Historia<\/h4>\n<p style=\"text-align: justify;\">Latino Seguros naci\u00f3 en 1906 en la Ciudad de M\u00e9xico. Cuando cumpli\u00f3 medio siglo en 1956, levantamos la torre m\u00e1s alta del pa\u00eds, la Torre Latinoamericana, que hoy es el \u00edcono por excelencia de la capital del pa\u00eds.<\/p>\n<p style=\"text-align: justify;\">Contamos con el compromiso absoluto hacia nuestros clientes y fuerza de ventas, estamos enfocados en aplicar y cumplir nuestros valores con integridad en todas las acciones de las empresas, respeto en nuestras relaciones comerciales y sociales, brindar servicios con sentido humano de calidad y que generen confianza.<\/p>\n<p>[\/vc_column_text][\/vc_column_inner][vc_column_inner width=&#8221;1\/3&#8243;][vc_single_image image=&#8221;1477&#8243; img_size=&#8221;full&#8221;][vc_column_text css=&#8221;.vc_custom_1604692565787{padding-top: 35px !important;padding-right: 20px !important;padding-bottom: 35px !important;}&#8221; el_class=&#8221;quienes-somos&#8221;]<\/p>\n<h4 class=\"sc_services_item_title\" style=\"text-align: center;\">\u00bfCu\u00e1l es nuestro prop\u00f3sito?<\/h4>\n<p style=\"text-align: justify;\">En Latino Seguros nos preocupamos por proteger todo lo que amas, somos una aseguradora 100% mexicana multiramo con amplia variedad en oferta de seguros con la misi\u00f3n de brindar seguridad, tranquilidad y el mejor servicio a las familias y empresas en M\u00e9xico.<\/p>\n<p>[\/vc_column_text][\/vc_column_inner][vc_column_inner width=&#8221;1\/3&#8243;][vc_single_image image=&#8221;1479&#8243; img_size=&#8221;full&#8221;][vc_column_text css=&#8221;.vc_custom_1604692627597{padding-top: 35px !important;padding-right: 20px !important;padding-bottom: 35px !important;}&#8221; el_class=&#8221;quienes-somos&#8221;]<\/p>\n<h4 class=\"sc_services_item_title\" style=\"text-align: center;\">\u00bfPor qu\u00e9 somos la mejor empresa para trabajar?<\/h4>\n<p style=\"text-align: justify;\"><span style=\"font-weight: 400;\">Gracias a que nuestra visi\u00f3n es ser la mejor opci\u00f3n en seguros para las familias y empresas mexicanas, queremos ser tambi\u00e9n la mejor opci\u00f3n para colaboradores, promotores y agentes de seguros.<\/span><\/p>\n<p style=\"text-align: justify;\"><span style=\"font-weight: 400;\">Vamos por buen camino, Grupo Expansi\u00f3n en colaboraci\u00f3n con Top Companies hoy nos reconoce como \u201cS\u00faper Empresa\u201d en M\u00e9xico.<\/span><\/p>\n<p>[\/vc_column_text][\/vc_column_inner][\/vc_row_inner][vc_empty_space height=&#8221;4.1428em&#8221; alter_height=&#8221;none&#8221; hide_on_mobile=&#8221;&#8221;][\/vc_column][\/vc_row][vc_row css=&#8221;.vc_custom_1604700298581{margin-bottom: 100px !important;}&#8221;][vc_column width=&#8221;1\/2&#8243;][vc_single_image image=&#8221;1758&#8243; img_size=&#8221;full&#8221;][\/vc_column][vc_column width=&#8221;1\/2&#8243;]<div id=\"sc_title_116593926\"\r\n\t\tclass=\"sc_title_align_default sc_title sc_title_default\"><h3 class=\"sc_item_title sc_title_title sc_align_default sc_item_title_style_default\">Con\u00f3cenos<\/h3><\/div><!-- \/.sc_title -->[vc_row_inner content_placement=&#8221;top&#8221;][vc_column_inner][vc_column_text]<\/p>\n<h4 style=\"margin-bottom:0;\">Misi\u00f3n<\/h4>\n<p style=\"font-weight: 400;\">Brindar seguridad, tranquilidad y el mejor servicio a nuestros clientes, cubriendo los riesgos a los que est\u00e1n expuestos.<\/p>\n<h4 style=\"margin-bottom:0;\">Visi\u00f3n<\/h4>\n<p style=\"font-weight: 400;\">Ser la aseguradora que proporcione confianza y protecci\u00f3n a trav\u00e9s de la innovaci\u00f3n y excelencia en el servicio, generando valor a nuestros clientes, colaboradores y accionistas.<\/p>\n<h4 style=\"margin-bottom:0;\">Valores<\/h4>\n<p style=\"font-weight: 400;\"><span style=\"font-weight: 400;\">Trabajamos con <\/span><b>INTEGRIDAD<\/b><span style=\"font-weight: 400;\"> en todas las acciones de la empresa, con <\/span><b>RESPETO<\/b><span style=\"font-weight: 400;\"> en todas nuestras relaciones comerciales y sociales,\u00a0 buscamos brindar <\/span><b>CALIDAD<\/b><span style=\"font-weight: 400;\"> en el servicio con una excelente actitud y sentido humano, con la <\/span><b>RESPONSABILIDAD<\/b><span style=\"font-weight: 400;\"> en nuestras actividades, respaldados por la <\/span><b>EXPERIENCIA<\/b><span style=\"font-weight: 400;\"> de m\u00e1s de 100 a\u00f1os de presencia en el mercado asegurador y siempre <\/span><b>TRABAJANDO EN EQUIPO<\/b><span style=\"font-weight: 400;\"> con el desarrollo persona de nuestros integrantes.<\/span><\/p>\n<p>[\/vc_column_text][\/vc_column_inner][\/vc_row_inner][\/vc_column][\/vc_row]<\/p>\n","protected":false},"excerpt":{"rendered":"<p>[vc_row full_width=&#8221;stretch_row&#8221; css_animation=&#8221;slideInUp&#8221; css=&#8221;.vc_custom_1604701021907{margin-bottom: 100px !important;background-color: #f7f8f9 !important;}&#8221;][vc_column][vc_empty_space height=&#8221;4.1428em&#8221; alter_height=&#8221;none&#8221; hide_on_mobile=&#8221;&#8221;][vc_empty_space height=&#8221;4.1428em&#8221; alter_height=&#8221;none&#8221; hide_on_mobile=&#8221;&#8221;][vc_row_inner][vc_column_inner][\/vc_column_inner][\/vc_row_inner][vc_row_inner equal_height=&#8221;yes&#8221;][vc_column_inner width=&#8221;1\/3&#8243;][vc_single_image image=&#8221;1475&#8243; img_size=&#8221;full&#8221;][vc_column_text css=&#8221;.vc_custom_1604692645506{padding-top: 35px !important;padding-right: 20px !important;padding-bottom: 35px !important;}&#8221; el_class=&#8221;quienes-somos&#8221;] Historia Latino Seguros naci\u00f3 en 1906 en la Ciudad de M\u00e9xico. Cuando cumpli\u00f3 medio&hellip;<\/p>\n","protected":false},"author":1,"featured_media":0,"parent":1744,"menu_order":0,"comment_status":"closed","ping_status":"closed","template":"","meta":{"_seopress_robots_primary_cat":"","content-type":"","footnotes":""},"class_list":["post-1746","page","type-page","status-publish","hentry"],"_links":{"self":[{"href":"https:\/\/latinoseguros.com.mx\/sitio2021\/wp-json\/wp\/v2\/pages\/1746","targetHints":{"allow":["GET"]}}],"collection":[{"href":"https:\/\/latinoseguros.com.mx\/sitio2021\/wp-json\/wp\/v2\/pages"}],"about":[{"href":"https:\/\/latinoseguros.com.mx\/sitio2021\/wp-json\/wp\/v2\/types\/page"}],"author":[{"embeddable":true,"href":"https:\/\/latinoseguros.com.mx\/sitio2021\/wp-json\/wp\/v2\/users\/1"}],"replies":[{"embeddable":true,"href":"https:\/\/latinoseguros.com.mx\/sitio2021\/wp-json\/wp\/v2\/comments?post=1746"}],"version-history":[{"count":11,"href":"https:\/\/latinoseguros.com.mx\/sitio2021\/wp-json\/wp\/v2\/pages\/1746\/revisions"}],"predecessor-version":[{"id":2574,"href":"https:\/\/latinoseguros.com.mx\/sitio2021\/wp-json\/wp\/v2\/pages\/1746\/revisions\/2574"}],"up":[{"embeddable":true,"href":"https:\/\/latinoseguros.com.mx\/sitio2021\/wp-json\/wp\/v2\/pages\/1744"}],"wp:attachment":[{"href":"https:\/\/latinoseguros.com.mx\/sitio2021\/wp-json\/wp\/v2\/media?parent=1746"}],"curies":[{"name":"wp","href":"https:\/\/api.w.org\/{rel}","templated":true}]}}