{"id":1717,"date":"2020-11-06T12:09:27","date_gmt":"2020-11-06T18:09:27","guid":{"rendered":"http:\/\/latinoseguros.com.mx.previewc75.carrierzone.com\/sitio2020\/?page_id=1717"},"modified":"2025-08-07T14:26:55","modified_gmt":"2025-08-07T20:26:55","slug":"infonavit","status":"publish","type":"page","link":"https:\/\/latinoseguros.com.mx\/sitio2021\/calidad-de-la-vivienda\/infonavit\/","title":{"rendered":"Seguro de Protecci\u00f3n a la Vivienda INFONAVIT"},"content":{"rendered":"<p>[vc_row full_width=&#8221;stretch_row&#8221;][vc_column]<div id=\"sc_title_1183283736\"\r\n\t\tclass=\"sc_title_align_center sc_title sc_title_default\"><h3 class=\"sc_item_title sc_title_title sc_align_center sc_item_title_style_default\">\u00bfPor qu\u00e9 contratar un seguro de protecci\u00f3n a la vivienda?<\/h3><\/div><!-- \/.sc_title -->[\/vc_column][\/vc_row][vc_row content_placement=&#8221;middle&#8221; css=&#8221;.vc_custom_1604527261597{margin-bottom: 100px !important;}&#8221;][vc_column width=&#8221;1\/2&#8243;][vc_single_image image=&#8221;1720&#8243; img_size=&#8221;full&#8221;][\/vc_column][vc_column width=&#8221;1\/2&#8243;][vc_column_text]<span style=\"font-weight: 400;\">El seguro de protecci\u00f3n a la vivienda est\u00e1 dise\u00f1ado para\u00a0 proteger tu casa nueva adquirida a trav\u00e9s de\u00a0 un cr\u00e9dito\u00a0 por par parte de <\/span><b>INFONAVIT<\/b><span style=\"font-weight: 400;\"> contra da\u00f1os estructurales, da\u00f1os en instalaciones hidrosanitarias y el\u00e9ctricas y cubre costos de reparaci\u00f3n\u00a0 o restituci\u00f3n de la impermeabilizaci\u00f3n.<\/span>[\/vc_column_text][\/vc_column][\/vc_row][vc_row][vc_column]<div id=\"sc_title_23242742\"\r\n\t\tclass=\"sc_title_align_center sc_title sc_title_default\"><h3 class=\"sc_item_title sc_title_title sc_align_center sc_item_title_style_default sc_item_title_tag\">Coberturas<\/h3><\/div><!-- \/.sc_title -->[\/vc_column][\/vc_row][vc_row][vc_column width=&#8221;1\/3&#8243;][vc_column_text]<\/p>\n<h5 style=\"text-align: center;\"><b>DA\u00d1O ESTRUCTURAL<\/b><\/h5>\n<p style=\"text-align: center;\"><span style=\"font-weight: 400;\">Si tu vivienda sufre alg\u00fan da\u00f1o en su estructura el cual comprometa su resistencia o estabilidad y estos da\u00f1os sean a consecuencia de fallas o errores de dise\u00f1o incluyendo defectos de ejecuci\u00f3n o de los materiales, cubriremos los costos de reparaci\u00f3n que sean necesarios para salvaguardar la construcci\u00f3n.<\/span><\/p>\n<p>[\/vc_column_text][\/vc_column][vc_column width=&#8221;1\/3&#8243;][vc_column_text]<\/p>\n<h5 style=\"text-align: center;\"><b>IMPERMEABILIZACI\u00d3N<\/b><\/h5>\n<p style=\"text-align: center;\"><span style=\"font-weight: 400;\">Cubriremos los costos de reparaci\u00f3n o restituci\u00f3n de la impermeabilizaci\u00f3n de las cubiertas de tu vivienda si existe alguna falla en su colocaci\u00f3n, o defectos en los materiales, cuando existe manifestaci\u00f3n de la falla en su funcionamiento evidenciada por humedad o entrada de agua desde el exterior.<\/span><\/p>\n<p>[\/vc_column_text][\/vc_column][vc_column width=&#8221;1\/3&#8243;][vc_column_text]<\/p>\n<h5 style=\"text-align: center;\"><b>INSTALACIONES HIDROSANITARIAS Y EL\u00c9CTRICAS<\/b><\/h5>\n<p style=\"text-align: center;\"><span style=\"font-weight: 400;\">Cubriremos los costos de reparaci\u00f3n o restituci\u00f3n de aquellos materiales y elementos que conforman las instalaciones hidrosanitarias y el\u00e9ctricas que resulten como consecuencia de vicios ocultos, errores de dise\u00f1o, defectos en los materiales o en la instalaci\u00f3n de los mismos.<\/span><\/p>\n<p>[\/vc_column_text][\/vc_column][\/vc_row][vc_row][vc_column width=&#8221;1\/2&#8243;][vc_empty_space height=&#8221;45px&#8221; hide_on_mobile=&#8221;&#8221;]<div  id=\"sc_price_2054983076\" \n\tclass=\"sc_price sc_price_default\"><a href=\"https:\/\/servintp.latinoseguros.com.mx:8091\/sites\/infonavit\/Cliente\/wfrmBuscaPoliza.aspx\" class=\"sc_price_icon\"><span class=\"fas fa-user-friends\"><\/span><\/a><div class=\"sc_price_info\"><div class=\"sc_price_title\"><a href=\"https:\/\/servintp.latinoseguros.com.mx:8091\/sites\/infonavit\/Cliente\/wfrmBuscaPoliza.aspx\">ASEGURADOS<\/a><\/div><div class=\"sc_price_description\">Si eres nuestro asegurado aqu\u00ed puedes consultar la p\u00f3liza de tu seguro<\/div><a href=\"https:\/\/servintp.latinoseguros.com.mx:8091\/sites\/infonavit\/Cliente\/wfrmBuscaPoliza.aspx\" class=\"sc_price_link\" target=\"_blank\">CONSULTAR P\u00d3LIZA<\/a><\/div>\n<\/div>[\/vc_column][vc_column width=&#8221;1\/2&#8243;][vc_empty_space height=&#8221;45px&#8221; hide_on_mobile=&#8221;&#8221;]<div  id=\"sc_price_433534146\" \n\tclass=\"sc_price sc_price_default\"><a href=\"https:\/\/servintp.latinoseguros.com.mx:8091\/sites\/infonavit\/DESARROLLADORES\/login.aspx\" class=\"sc_price_icon\"><span class=\"fas fa-hard-hat\"><\/span><\/a><div class=\"sc_price_info\"><div class=\"sc_price_title\"><a href=\"https:\/\/servintp.latinoseguros.com.mx:8091\/sites\/infonavit\/DESARROLLADORES\/login.aspx\">DESARROLLADORES<\/a><\/div><div class=\"sc_price_description\">Consulta la documentaci\u00f3n correspondiente a Certificados, Recibos y Facturas<\/div><a href=\"https:\/\/servintp.latinoseguros.com.mx:8091\/sites\/infonavit\/DESARROLLADORES\/login.aspx\" class=\"sc_price_link\" target=\"_blank\">Ingresar<\/a><\/div>\n<\/div>[\/vc_column][\/vc_row]<\/p>\n","protected":false},"excerpt":{"rendered":"<p>[vc_row full_width=&#8221;stretch_row&#8221;][vc_column][\/vc_column][\/vc_row][vc_row content_placement=&#8221;middle&#8221; css=&#8221;.vc_custom_1604527261597{margin-bottom: 100px !important;}&#8221;][vc_column width=&#8221;1\/2&#8243;][vc_single_image image=&#8221;1720&#8243; img_size=&#8221;full&#8221;][\/vc_column][vc_column width=&#8221;1\/2&#8243;][vc_column_text]El seguro de protecci\u00f3n a la vivienda est\u00e1 dise\u00f1ado para\u00a0 proteger tu casa nueva adquirida a trav\u00e9s de\u00a0 un cr\u00e9dito\u00a0 por par parte de INFONAVIT contra da\u00f1os estructurales, da\u00f1os en instalaciones&hellip;<\/p>\n","protected":false},"author":1,"featured_media":0,"parent":1715,"menu_order":0,"comment_status":"closed","ping_status":"closed","template":"","meta":{"_seopress_robots_primary_cat":"","content-type":"","footnotes":""},"class_list":["post-1717","page","type-page","status-publish","hentry"],"_links":{"self":[{"href":"https:\/\/latinoseguros.com.mx\/sitio2021\/wp-json\/wp\/v2\/pages\/1717","targetHints":{"allow":["GET"]}}],"collection":[{"href":"https:\/\/latinoseguros.com.mx\/sitio2021\/wp-json\/wp\/v2\/pages"}],"about":[{"href":"https:\/\/latinoseguros.com.mx\/sitio2021\/wp-json\/wp\/v2\/types\/page"}],"author":[{"embeddable":true,"href":"https:\/\/latinoseguros.com.mx\/sitio2021\/wp-json\/wp\/v2\/users\/1"}],"replies":[{"embeddable":true,"href":"https:\/\/latinoseguros.com.mx\/sitio2021\/wp-json\/wp\/v2\/comments?post=1717"}],"version-history":[{"count":18,"href":"https:\/\/latinoseguros.com.mx\/sitio2021\/wp-json\/wp\/v2\/pages\/1717\/revisions"}],"predecessor-version":[{"id":6969,"href":"https:\/\/latinoseguros.com.mx\/sitio2021\/wp-json\/wp\/v2\/pages\/1717\/revisions\/6969"}],"up":[{"embeddable":true,"href":"https:\/\/latinoseguros.com.mx\/sitio2021\/wp-json\/wp\/v2\/pages\/1715"}],"wp:attachment":[{"href":"https:\/\/latinoseguros.com.mx\/sitio2021\/wp-json\/wp\/v2\/media?parent=1717"}],"curies":[{"name":"wp","href":"https:\/\/api.w.org\/{rel}","templated":true}]}}