{"id":1703,"date":"2020-11-06T11:28:57","date_gmt":"2020-11-06T17:28:57","guid":{"rendered":"http:\/\/latinoseguros.com.mx.previewc75.carrierzone.com\/sitio2020\/?page_id=1703"},"modified":"2022-01-12T13:12:06","modified_gmt":"2022-01-12T19:12:06","slug":"accidentes-escolares","status":"publish","type":"page","link":"https:\/\/latinoseguros.com.mx\/sitio2021\/empresas\/accidentes-escolares\/","title":{"rendered":"Seguro contra Accidentes Escolares"},"content":{"rendered":"<p>[vc_row full_width=&#8221;stretch_row&#8221;][vc_column]<div id=\"sc_title_847660798\"\r\n\t\tclass=\"sc_title_align_center sc_title sc_title_default\"><h3 class=\"sc_item_title sc_title_title sc_align_center sc_item_title_style_default\">\u00bfPor qu\u00e9 contratar un seguro contra accidentes para mis alumnos?<\/h3><\/div><!-- \/.sc_title -->[\/vc_column][\/vc_row][vc_row content_placement=&#8221;middle&#8221; css=&#8221;.vc_custom_1604527261597{margin-bottom: 100px !important;}&#8221;][vc_column width=&#8221;1\/2&#8243;][vc_single_image image=&#8221;1705&#8243; img_size=&#8221;full&#8221;][\/vc_column][vc_column width=&#8221;1\/2&#8243;][vc_column_text]<span style=\"font-weight: 400;\">En lo que menos quisi\u00e9ramos pensar es en la posibilidad de que alg\u00fan alumno llegue a sufrir alg\u00fan tipo de percance, pero por desgracia los accidentes existen y est\u00e1n latentes en todo momento.<\/span><\/p>\n<p><span style=\"font-weight: 400;\">Por eso es importante estar preparado, y ante esto existen seguros dise\u00f1ados para cubrir los gastos presentados ante esta situaci\u00f3n.<\/span><\/p>\n<p><span style=\"font-weight: 400;\">Siente la protecci\u00f3n de un seguro de accidentes escolares y deja que los alumnos disfruten de sus actividades diarias sin que sus pap\u00e1s deban preocuparse por el impacto econ\u00f3mico que un accidente podr\u00eda tener.<\/span>[\/vc_column_text]<div class=\"sc_item_button sc_button_wrap sc_align_left\"><a href=\"http:\/\/latinoseguros.com.mx\/sitio2021\/#cotiza\" id=\"sc_button_1860856603\" class=\"sc_button sc_button_default  vc_custom_1642014690354 color_preset_dark sc_button_size_normal sc_button_icon_left\"><span class=\"sc_button_text\"><span class=\"sc_button_title\">Cotiza ahora<\/span><\/span><!-- \/.sc_button_text --><\/a><!-- \/.sc_button --><\/div><!-- \/.sc_item_button -->[\/vc_column][\/vc_row][vc_row][vc_column]<div id=\"sc_title_562423109\"\r\n\t\tclass=\"sc_title_align_center sc_title sc_title_default\"><h3 class=\"sc_item_title sc_title_title sc_align_center sc_item_title_style_default sc_item_title_tag\">El seguro contra accidentes que se adapta a tus necesidades<\/h3><\/div><!-- \/.sc_title -->[\/vc_column][\/vc_row][vc_row equal_height=&#8221;yes&#8221; css=&#8221;.vc_custom_1604536723619{margin-bottom: 100px !important;}&#8221;][vc_column]<div  id=\"sc_price_828074424\" \n\tclass=\"sc_price sc_price_default\"><div class=\"sc_price_info\"><div class=\"sc_price_details\">[vc_column_text]<\/p>\n<h4 style=\"text-align: center\"><span style=\"font-weight: 400\">Cobertura<\/span><\/h4>\n<ul>\n<li style=\"text-align: left\"><b>Muerte accidental<\/b><span style=\"font-weight: 400\">: En caso de que alg\u00fan infortunio te ocurriera al momento de realizar alguna actividad escolar y de manera imprevista, nosotros le pagaremos a tus beneficiarios la suma asegurada contratada siempre y cuando tengas m\u00e1s de 12 a\u00f1os de edad.<\/span><\/li>\n<li style=\"text-align: left\"><b>P\u00e9rdida org\u00e1nica: <\/b><span style=\"font-weight: 400\">Si el accidente escolar s\u00f3lo provoc\u00f3 la p\u00e9rdida de alguna parte de tu cuerpo y est\u00e1 contemplado en la tabla de indemnizaci\u00f3n que contrataste, te pagamos el porcentaje de suma asegurada que corresponda.<\/span><\/li>\n<li style=\"text-align: left\"><b>Reembolso de gastos m\u00e9dicos: <\/b><span style=\"font-weight: 400\">Si necesitas atenci\u00f3n m\u00e9dica por el accidente sufrido en actividades escolares, nosotros te reembolsamos los gastos que hayas necesitado.<\/span><\/li>\n<li style=\"text-align: left\"><b>Reembolso de gastos funerarios: <\/b><span style=\"font-weight: 400\">En caso de que alg\u00fan infortunio te ocurriera al momento de realizar alguna actividad escolar nosotros le pagaremos a tus beneficiarios la suma asegurada de gastos funerarios contratada siempre y cuando tengas menos de 12 a\u00f1os de edad.<\/span><\/li>\n<\/ul>\n<p>[\/vc_column_text]<\/div><a href=\"http:\/\/latinoseguros.com.mx\/sitio2021\/#cotiza\" class=\"sc_price_link\" target=\"_blank\">Cotiza Ahora<\/a><\/div>\n<\/div>[\/vc_column][\/vc_row][vc_row css=&#8221;.vc_custom_1606159353199{margin-top: 80px !important;margin-bottom: 80px !important;}&#8221;][vc_column][vc_column_text]<\/p>\n<h5 style=\"text-align: center;\"><span style=\"font-weight: 400;\">Al solicitar tu cotizaci\u00f3n pregunta por nuestros paquetes<\/span><\/h5>\n<p>[\/vc_column_text][\/vc_column][\/vc_row]<\/p>\n","protected":false},"excerpt":{"rendered":"<p>[vc_row full_width=&#8221;stretch_row&#8221;][vc_column][\/vc_column][\/vc_row][vc_row content_placement=&#8221;middle&#8221; css=&#8221;.vc_custom_1604527261597{margin-bottom: 100px !important;}&#8221;][vc_column width=&#8221;1\/2&#8243;][vc_single_image image=&#8221;1705&#8243; img_size=&#8221;full&#8221;][\/vc_column][vc_column width=&#8221;1\/2&#8243;][vc_column_text]En lo que menos quisi\u00e9ramos pensar es en la posibilidad de que alg\u00fan alumno llegue a sufrir alg\u00fan tipo de percance, pero por desgracia los accidentes existen y est\u00e1n latentes en&hellip;<\/p>\n","protected":false},"author":1,"featured_media":0,"parent":1669,"menu_order":0,"comment_status":"closed","ping_status":"closed","template":"","meta":{"_seopress_robots_primary_cat":"","content-type":"","footnotes":""},"class_list":["post-1703","page","type-page","status-publish","hentry"],"_links":{"self":[{"href":"https:\/\/latinoseguros.com.mx\/sitio2021\/wp-json\/wp\/v2\/pages\/1703","targetHints":{"allow":["GET"]}}],"collection":[{"href":"https:\/\/latinoseguros.com.mx\/sitio2021\/wp-json\/wp\/v2\/pages"}],"about":[{"href":"https:\/\/latinoseguros.com.mx\/sitio2021\/wp-json\/wp\/v2\/types\/page"}],"author":[{"embeddable":true,"href":"https:\/\/latinoseguros.com.mx\/sitio2021\/wp-json\/wp\/v2\/users\/1"}],"replies":[{"embeddable":true,"href":"https:\/\/latinoseguros.com.mx\/sitio2021\/wp-json\/wp\/v2\/comments?post=1703"}],"version-history":[{"count":6,"href":"https:\/\/latinoseguros.com.mx\/sitio2021\/wp-json\/wp\/v2\/pages\/1703\/revisions"}],"predecessor-version":[{"id":4195,"href":"https:\/\/latinoseguros.com.mx\/sitio2021\/wp-json\/wp\/v2\/pages\/1703\/revisions\/4195"}],"up":[{"embeddable":true,"href":"https:\/\/latinoseguros.com.mx\/sitio2021\/wp-json\/wp\/v2\/pages\/1669"}],"wp:attachment":[{"href":"https:\/\/latinoseguros.com.mx\/sitio2021\/wp-json\/wp\/v2\/media?parent=1703"}],"curies":[{"name":"wp","href":"https:\/\/api.w.org\/{rel}","templated":true}]}}