{"id":1697,"date":"2020-11-06T10:35:29","date_gmt":"2020-11-06T16:35:29","guid":{"rendered":"http:\/\/latinoseguros.com.mx.previewc75.carrierzone.com\/sitio2020\/?page_id=1697"},"modified":"2022-01-12T13:10:42","modified_gmt":"2022-01-12T19:10:42","slug":"accidentes-empresas","status":"publish","type":"page","link":"https:\/\/latinoseguros.com.mx\/sitio2021\/empresas\/accidentes-empresas\/","title":{"rendered":"Seguro contra Accidentes"},"content":{"rendered":"<p>[vc_row full_width=&#8221;stretch_row&#8221;][vc_column]<div id=\"sc_title_2114272845\"\r\n\t\tclass=\"sc_title_align_center sc_title sc_title_default\"><h3 class=\"sc_item_title sc_title_title sc_align_center sc_item_title_style_default\">\u00bfPor qu\u00e9 contratar un seguro contra accidentes para mis empleados?<\/h3><\/div><!-- \/.sc_title -->[\/vc_column][\/vc_row][vc_row content_placement=&#8221;middle&#8221; css=&#8221;.vc_custom_1604527261597{margin-bottom: 100px !important;}&#8221;][vc_column width=&#8221;1\/2&#8243;][vc_single_image image=&#8221;1701&#8243; img_size=&#8221;full&#8221;][\/vc_column][vc_column width=&#8221;1\/2&#8243;][vc_column_text]<span style=\"font-weight: 400;\">En lo que menos quisi\u00e9ramos pensar es en la posibilidad de que alg\u00fan empleado llegue a\u00a0 sufrir alg\u00fan tipo de percance, pero por desgracia los accidentes existen y est\u00e1n latentes en todo momento.<\/span><\/p>\n<p><span style=\"font-weight: 400;\">Por eso es importante estar preparado, y ante esto existen seguros dise\u00f1ados para cubrir los gastos presentados ante esta situaci\u00f3n.<\/span><\/p>\n<p><span style=\"font-weight: 400;\">Siente la protecci\u00f3n de un seguro de accidentes y disfruta de tus actividades diarias sin preocuparte por el impacto econ\u00f3mico que un accidente podr\u00eda tener.<\/span>[\/vc_column_text]<div class=\"sc_item_button sc_button_wrap sc_align_left\"><a href=\"http:\/\/latinoseguros.com.mx\/sitio2021\/#cotiza\" id=\"sc_button_550771645\" class=\"sc_button sc_button_default  vc_custom_1642014595831 color_preset_dark sc_button_size_normal sc_button_icon_left\"><span class=\"sc_button_text\"><span class=\"sc_button_title\">Cotiza ahora<\/span><\/span><!-- \/.sc_button_text --><\/a><!-- \/.sc_button --><\/div><!-- \/.sc_item_button -->[\/vc_column][\/vc_row][vc_row][vc_column]<div id=\"sc_title_465426698\"\r\n\t\tclass=\"sc_title_align_center sc_title sc_title_default\"><h3 class=\"sc_item_title sc_title_title sc_align_center sc_item_title_style_default sc_item_title_tag\">El seguro contra accidentes que se adapta a tus necesidades<\/h3><\/div><!-- \/.sc_title -->[\/vc_column][\/vc_row][vc_row equal_height=&#8221;yes&#8221; css=&#8221;.vc_custom_1604536723619{margin-bottom: 100px !important;}&#8221;][vc_column width=&#8221;1\/2&#8243;]<div  id=\"sc_price_1575891760\" \n\tclass=\"sc_price sc_price_default\"><div class=\"sc_price_info\"><div class=\"sc_price_details\"><\/p>\n<h4 style=\"text-align: center\"><span style=\"font-weight: 400\">Cobertura<\/span><\/h4>\n<p><span style=\"font-weight: 400\">Muerte accidental, en caso de que alg\u00fan infortunio te ocurriera de manera imprevista nosotros le pagaremos a tus beneficiarios la suma asegurada contratada.<\/span><\/div><a href=\"http:\/\/latinoseguros.com.mx\/sitio2021\/#cotiza\" class=\"sc_price_link\" target=\"_blank\">Cotiza Ahora<\/a><\/div>\n<\/div>[\/vc_column][vc_column width=&#8221;1\/2&#8243;]<div id=\"sc_title_1541357138\"\r\n\t\tclass=\"sc_title_align_left sc_title sc_title_default\"><h5 class=\"sc_item_title sc_title_title sc_align_left sc_item_title_style_default sc_item_title_tag\">Contamos con coberturas adicionales opcionales, con\u00f3celas:<\/h5><\/div><!-- \/.sc_title --><div class=\"cq-dagallery-container\" style=\"width:100%;margin:0 auto;\"><ul class=\"cq-dagallery\" data-gallerywidth=\"100%\" data-width=\"275\" data-height=\"207\" data-color=\"#ffffff\" data-background=\"#00bfff\" data-opacity=\"0\"><li class=\"\" data-width=\"275\" data-height=\"207\" data-margin=\"5px\" style=\"margin:5px\"><a class=\"normal\" href=\"https:\/\/latinoseguros.com.mx\/sitio2021\/wp-content\/uploads\/2020\/11\/latino-seguros-accidentes-indemnizacion-diaria-incapacidad.jpg\" rel=\"169762\"><img src='https:\/\/latinoseguros.com.mx\/sitio2021\/wp-content\/uploads\/2020\/11\/latino-seguros-accidentes-indemnizacion-diaria-incapacidad-550x414.jpg' width='275' height='207' alt='' \/><\/a><div class=\"dagallery-info\" style=\"padding:20px;color:#ffffff;background-color:#00bfff\"><\/div><\/li><li class=\"\" data-width=\"275\" data-height=\"207\" data-margin=\"5px\" style=\"margin:5px\"><a class=\"normal\" href=\"https:\/\/latinoseguros.com.mx\/sitio2021\/wp-content\/uploads\/2020\/11\/latino-seguros-accidentes-muerte-accidental-colectiva.jpg\" rel=\"169762\"><img src='https:\/\/latinoseguros.com.mx\/sitio2021\/wp-content\/uploads\/2020\/11\/latino-seguros-accidentes-muerte-accidental-colectiva-550x414.jpg' width='275' height='207' alt='' \/><\/a><div class=\"dagallery-info\" style=\"padding:20px;color:#ffffff;background-color:#00bfff\"><\/div><\/li><li class=\"\" data-width=\"275\" data-height=\"207\" data-margin=\"5px\" style=\"margin:5px\"><a class=\"normal\" href=\"https:\/\/latinoseguros.com.mx\/sitio2021\/wp-content\/uploads\/2020\/11\/latino-seguros-accidentes-perdidas-organizas-tabla-indemnizacion.jpg\" rel=\"169762\"><img src='https:\/\/latinoseguros.com.mx\/sitio2021\/wp-content\/uploads\/2020\/11\/latino-seguros-accidentes-perdidas-organizas-tabla-indemnizacion-550x414.jpg' width='275' height='207' alt='' \/><\/a><div class=\"dagallery-info\" style=\"padding:20px;color:#ffffff;background-color:#00bfff\"><\/div><\/li><li class=\"\" data-width=\"275\" data-height=\"207\" data-margin=\"5px\" style=\"margin:5px\"><a class=\"normal\" href=\"https:\/\/latinoseguros.com.mx\/sitio2021\/wp-content\/uploads\/2020\/11\/latino-seguros-accidentes-reembolso-gastos-medicos-accidente.jpg\" rel=\"169762\"><img src='https:\/\/latinoseguros.com.mx\/sitio2021\/wp-content\/uploads\/2020\/11\/latino-seguros-accidentes-reembolso-gastos-medicos-accidente-550x414.jpg' width='275' height='207' alt='' \/><\/a><div class=\"dagallery-info\" style=\"padding:20px;color:#ffffff;background-color:#00bfff\"><\/div><\/li><\/ul><\/div>[\/vc_column][\/vc_row][vc_row css=&#8221;.vc_custom_1606159353199{margin-top: 80px !important;margin-bottom: 80px !important;}&#8221;][vc_column][vc_column_text]<\/p>\n<h5 style=\"text-align: center;\"><span style=\"font-weight: 400;\">Al solicitar tu cotizaci\u00f3n pregunta por nuestros paquetes<\/span><\/h5>\n<p>[\/vc_column_text][\/vc_column][\/vc_row]<\/p>\n","protected":false},"excerpt":{"rendered":"<p>[vc_row full_width=&#8221;stretch_row&#8221;][vc_column][\/vc_column][\/vc_row][vc_row content_placement=&#8221;middle&#8221; css=&#8221;.vc_custom_1604527261597{margin-bottom: 100px !important;}&#8221;][vc_column width=&#8221;1\/2&#8243;][vc_single_image image=&#8221;1701&#8243; img_size=&#8221;full&#8221;][\/vc_column][vc_column width=&#8221;1\/2&#8243;][vc_column_text]En lo que menos quisi\u00e9ramos pensar es en la posibilidad de que alg\u00fan empleado llegue a\u00a0 sufrir alg\u00fan tipo de percance, pero por desgracia los accidentes existen y est\u00e1n latentes en&hellip;<\/p>\n","protected":false},"author":1,"featured_media":0,"parent":1669,"menu_order":0,"comment_status":"closed","ping_status":"closed","template":"","meta":{"_seopress_robots_primary_cat":"","content-type":"","footnotes":""},"class_list":["post-1697","page","type-page","status-publish","hentry"],"_links":{"self":[{"href":"https:\/\/latinoseguros.com.mx\/sitio2021\/wp-json\/wp\/v2\/pages\/1697","targetHints":{"allow":["GET"]}}],"collection":[{"href":"https:\/\/latinoseguros.com.mx\/sitio2021\/wp-json\/wp\/v2\/pages"}],"about":[{"href":"https:\/\/latinoseguros.com.mx\/sitio2021\/wp-json\/wp\/v2\/types\/page"}],"author":[{"embeddable":true,"href":"https:\/\/latinoseguros.com.mx\/sitio2021\/wp-json\/wp\/v2\/users\/1"}],"replies":[{"embeddable":true,"href":"https:\/\/latinoseguros.com.mx\/sitio2021\/wp-json\/wp\/v2\/comments?post=1697"}],"version-history":[{"count":9,"href":"https:\/\/latinoseguros.com.mx\/sitio2021\/wp-json\/wp\/v2\/pages\/1697\/revisions"}],"predecessor-version":[{"id":4194,"href":"https:\/\/latinoseguros.com.mx\/sitio2021\/wp-json\/wp\/v2\/pages\/1697\/revisions\/4194"}],"up":[{"embeddable":true,"href":"https:\/\/latinoseguros.com.mx\/sitio2021\/wp-json\/wp\/v2\/pages\/1669"}],"wp:attachment":[{"href":"https:\/\/latinoseguros.com.mx\/sitio2021\/wp-json\/wp\/v2\/media?parent=1697"}],"curies":[{"name":"wp","href":"https:\/\/api.w.org\/{rel}","templated":true}]}}