{"id":1673,"date":"2020-11-05T18:09:45","date_gmt":"2020-11-06T00:09:45","guid":{"rendered":"http:\/\/latinoseguros.com.mx.previewc75.carrierzone.com\/sitio2020\/?page_id=1673"},"modified":"2022-01-12T13:07:34","modified_gmt":"2022-01-12T19:07:34","slug":"vida-empresas","status":"publish","type":"page","link":"https:\/\/latinoseguros.com.mx\/sitio2021\/empresas\/vida-empresas\/","title":{"rendered":"Seguro de Vida"},"content":{"rendered":"<p>[vc_row full_width=&#8221;stretch_row&#8221;][vc_column]<div id=\"sc_title_1806045847\"\r\n\t\tclass=\"sc_title_align_center sc_title sc_title_default\"><h3 class=\"sc_item_title sc_title_title sc_align_center sc_item_title_style_default\">\u00bfPor qu\u00e9 contratar un seguro de vida para mis empleados?<\/h3><\/div><!-- \/.sc_title -->[\/vc_column][\/vc_row][vc_row content_placement=&#8221;middle&#8221; css=&#8221;.vc_custom_1604527261597{margin-bottom: 100px !important;}&#8221;][vc_column width=&#8221;1\/2&#8243;][vc_single_image image=&#8221;1675&#8243; img_size=&#8221;full&#8221;][\/vc_column][vc_column width=&#8221;1\/2&#8243;][vc_column_text]<span style=\"font-weight: 400;\">El seguro de vida es la mejor inversi\u00f3n que puedes realizar dentro de tu empresa o negocio, ya que a trav\u00e9s del mismo brindas a los empleados la oportunidad de vivir con tranquilidad financiera, ante riesgos como fallecimiento, accidentes o enfermedades.<\/span><\/p>\n<p><span style=\"font-weight: 400;\">Protege a tus empleados y garant\u00edzales el nivel de vida que merecen. <\/span>[\/vc_column_text]<div class=\"sc_item_button sc_button_wrap sc_align_left\"><a href=\"http:\/\/latinoseguros.com.mx\/sitio2021\/#cotiza\" id=\"sc_button_1094126847\" class=\"sc_button sc_button_default  vc_custom_1642014427299 color_preset_dark sc_button_size_normal sc_button_icon_left\"><span class=\"sc_button_text\"><span class=\"sc_button_title\">Cotiza ahora<\/span><\/span><!-- \/.sc_button_text --><\/a><!-- \/.sc_button --><\/div><!-- \/.sc_item_button -->[\/vc_column][\/vc_row][vc_row][vc_column]<div id=\"sc_title_566446156\"\r\n\t\tclass=\"sc_title_align_center sc_title sc_title_default\"><h3 class=\"sc_item_title sc_title_title sc_align_center sc_item_title_style_default sc_item_title_tag\">Vida grupo en dos modalidades<\/h3><\/div><!-- \/.sc_title -->[\/vc_column][\/vc_row][vc_row equal_height=&#8221;yes&#8221; css=&#8221;.vc_custom_1604525092865{margin-bottom: 80px !important;}&#8221;][vc_column width=&#8221;1\/2&#8243;]<div  id=\"sc_price_641547614\" \n\tclass=\"sc_price sc_price_default\"><div class=\"sc_price_info\"><div class=\"sc_price_details\">[vc_column_text]<\/p>\n<p style=\"text-align: center\">De protecci\u00f3n para empleados o miembros de agrupaci\u00f3n siempre y cuando mantengan un v\u00ednculo o inter\u00e9s com\u00fan que sea l\u00edcito. Se brinda protecci\u00f3n con un plan temporal renovable a un a\u00f1o y la tarifa va en relaci\u00f3n a la edad de los asegurados.<\/p>\n<p>[\/vc_column_text]<\/div><\/div>\n<\/div>[\/vc_column][vc_column width=&#8221;1\/2&#8243;]<div  id=\"sc_price_1099002061\" \n\tclass=\"sc_price sc_price_default\"><div class=\"sc_price_info\"><div class=\"sc_price_details\">[vc_column_text]<\/p>\n<p style=\"text-align: center\">Deudores donde el objetivo principal es garantizar al contratante el pago de saldos insolutos que tengan los asegurados sin incluir los pagos atrasados, si es que llegar\u00e1 a ocurrir el fallecimiento o una invalidez total y permanente durante la vigencia del seguro.<\/p>\n<p>[\/vc_column_text]<\/div><\/div>\n<\/div>[\/vc_column][\/vc_row][vc_row][vc_column width=&#8221;1\/4&#8243;]<div id=\"sc_title_1083582299\"\r\n\t\tclass=\"sc_title_align_left sc_title sc_title_default\"><h5 class=\"sc_item_title sc_title_title sc_align_left sc_item_title_style_default sc_item_title_tag\">Contamos con coberturas adicionales opcionales, con\u00f3celas:<\/h5><\/div><!-- \/.sc_title -->[\/vc_column][vc_column width=&#8221;3\/4&#8243;]<div class=\"cq-dagallery-container\" style=\"width:100%;margin:0 auto;\"><ul class=\"cq-dagallery\" data-gallerywidth=\"100%\" data-width=\"380\" data-height=\"285\" data-color=\"#ffffff\" data-background=\"#00bfff\" data-opacity=\"0\"><li class=\"\" data-width=\"380\" data-height=\"285\" data-margin=\"5px\" style=\"margin:5px\"><a class=\"normal\" href=\"https:\/\/latinoseguros.com.mx\/sitio2021\/wp-content\/uploads\/2020\/11\/latino-seguros-vida-accidentes.jpg\" rel=\"167355\"><img src='https:\/\/latinoseguros.com.mx\/sitio2021\/wp-content\/uploads\/2020\/11\/latino-seguros-vida-accidentes-760x570.jpg' width='380' height='285' alt='' \/><\/a><div class=\"dagallery-info\" style=\"padding:20px;color:#ffffff;background-color:#00bfff\"><\/div><\/li><li class=\"\" data-width=\"380\" data-height=\"285\" data-margin=\"5px\" style=\"margin:5px\"><a class=\"normal\" href=\"https:\/\/latinoseguros.com.mx\/sitio2021\/wp-content\/uploads\/2020\/11\/latino-seguros-vida-invalidez.jpg\" rel=\"167355\"><img src='https:\/\/latinoseguros.com.mx\/sitio2021\/wp-content\/uploads\/2020\/11\/latino-seguros-vida-invalidez-760x570.jpg' width='380' height='285' alt='' \/><\/a><div class=\"dagallery-info\" style=\"padding:20px;color:#ffffff;background-color:#00bfff\"><\/div><\/li><\/ul><\/div>[\/vc_column][\/vc_row][vc_row][vc_column][\/vc_column][\/vc_row][vc_row css=&#8221;.vc_custom_1606159353199{margin-top: 80px !important;margin-bottom: 80px !important;}&#8221;][vc_column][vc_column_text]<\/p>\n<h5 style=\"text-align: center;\"><span style=\"font-weight: 400;\">Al solicitar tu cotizaci\u00f3n pregunta por nuestros paquetes<\/span><\/h5>\n<p>[\/vc_column_text][\/vc_column][\/vc_row]<\/p>\n","protected":false},"excerpt":{"rendered":"<p>[vc_row full_width=&#8221;stretch_row&#8221;][vc_column][\/vc_column][\/vc_row][vc_row content_placement=&#8221;middle&#8221; css=&#8221;.vc_custom_1604527261597{margin-bottom: 100px !important;}&#8221;][vc_column width=&#8221;1\/2&#8243;][vc_single_image image=&#8221;1675&#8243; img_size=&#8221;full&#8221;][\/vc_column][vc_column width=&#8221;1\/2&#8243;][vc_column_text]El seguro de vida es la mejor inversi\u00f3n que puedes realizar dentro de tu empresa o negocio, ya que a trav\u00e9s del mismo brindas a los empleados la oportunidad de vivir&hellip;<\/p>\n","protected":false},"author":1,"featured_media":0,"parent":1669,"menu_order":0,"comment_status":"closed","ping_status":"closed","template":"","meta":{"_seopress_robots_primary_cat":"","content-type":"","footnotes":""},"class_list":["post-1673","page","type-page","status-publish","hentry"],"_links":{"self":[{"href":"https:\/\/latinoseguros.com.mx\/sitio2021\/wp-json\/wp\/v2\/pages\/1673","targetHints":{"allow":["GET"]}}],"collection":[{"href":"https:\/\/latinoseguros.com.mx\/sitio2021\/wp-json\/wp\/v2\/pages"}],"about":[{"href":"https:\/\/latinoseguros.com.mx\/sitio2021\/wp-json\/wp\/v2\/types\/page"}],"author":[{"embeddable":true,"href":"https:\/\/latinoseguros.com.mx\/sitio2021\/wp-json\/wp\/v2\/users\/1"}],"replies":[{"embeddable":true,"href":"https:\/\/latinoseguros.com.mx\/sitio2021\/wp-json\/wp\/v2\/comments?post=1673"}],"version-history":[{"count":13,"href":"https:\/\/latinoseguros.com.mx\/sitio2021\/wp-json\/wp\/v2\/pages\/1673\/revisions"}],"predecessor-version":[{"id":4192,"href":"https:\/\/latinoseguros.com.mx\/sitio2021\/wp-json\/wp\/v2\/pages\/1673\/revisions\/4192"}],"up":[{"embeddable":true,"href":"https:\/\/latinoseguros.com.mx\/sitio2021\/wp-json\/wp\/v2\/pages\/1669"}],"wp:attachment":[{"href":"https:\/\/latinoseguros.com.mx\/sitio2021\/wp-json\/wp\/v2\/media?parent=1673"}],"curies":[{"name":"wp","href":"https:\/\/api.w.org\/{rel}","templated":true}]}}