{"id":1645,"date":"2020-11-05T13:04:32","date_gmt":"2020-11-05T19:04:32","guid":{"rendered":"http:\/\/latinoseguros.com.mx.previewc75.carrierzone.com\/sitio2020\/?page_id=1645"},"modified":"2023-06-08T15:28:48","modified_gmt":"2023-06-08T21:28:48","slug":"auto","status":"publish","type":"page","link":"https:\/\/latinoseguros.com.mx\/sitio2021\/personas\/auto\/","title":{"rendered":"Seguro para Auto"},"content":{"rendered":"<p>[vc_row full_width=&#8221;stretch_row&#8221;][vc_column]<div id=\"sc_title_170782586\"\r\n\t\tclass=\"sc_title_align_center sc_title sc_title_default\"><h3 class=\"sc_item_title sc_title_title sc_align_center sc_item_title_style_default\">\u00bfPor qu\u00e9 contratar un seguro para auto?<\/h3><\/div><!-- \/.sc_title -->[\/vc_column][\/vc_row][vc_row content_placement=&#8221;middle&#8221; css=&#8221;.vc_custom_1604527261597{margin-bottom: 100px !important;}&#8221;][vc_column width=&#8221;1\/2&#8243;][vc_single_image image=&#8221;1487&#8243; img_size=&#8221;full&#8221;][\/vc_column][vc_column width=&#8221;1\/2&#8243;][vc_column_text]<span style=\"font-weight: 400;\">El auto es el medio de transporte por excelencia, y es indispensable sentirse protegido estando dentro de \u00e9l.<\/span><\/p>\n<p><span style=\"font-weight: 400;\">No permitas que un imprevisto afecte tu econom\u00eda. Los accidentes pasan y hay que estar preparados para cuando sucedan.\u00a0<\/span><\/p>\n<p><span style=\"font-weight: 400;\">Tenemos un seguro para cada tipo de conductor, para quienes les gusta manejar auto, moto, o pasear un fin de semana en su auto cl\u00e1sico.<\/span><\/p>\n<p><span style=\"font-weight: 400;\">En todos tus trayectos, queremos ser tu mejor compa\u00f1\u00eda.<\/span>[\/vc_column_text]<div class=\"sc_item_button sc_button_wrap sc_align_left\"><a href=\"https:\/\/latinoseguros.com.mx\/sitio2021\/#cotiza\" id=\"sc_button_662887982\" class=\"sc_button sc_button_default  vc_custom_1642006514769 color_preset_dark sc_button_size_normal sc_button_icon_left\"><span class=\"sc_button_text\"><span class=\"sc_button_title\">Cotiza ahora<\/span><\/span><!-- \/.sc_button_text --><\/a><!-- \/.sc_button --><\/div><!-- \/.sc_item_button -->[\/vc_column][\/vc_row][vc_row][vc_column]<div id=\"sc_title_1701635518\"\r\n\t\tclass=\"sc_title_align_center sc_title sc_title_default\"><h3 class=\"sc_item_title sc_title_title sc_align_center sc_item_title_style_default sc_item_title_tag\">Un seguro para cada tipo de conductor<\/h3><\/div><!-- \/.sc_title -->[vc_row_inner][vc_column_inner][\/vc_column_inner][\/vc_row_inner][\/vc_column][\/vc_row][vc_row equal_height=&#8221;yes&#8221; css=&#8221;.vc_custom_1604604604244{margin-bottom: 50px !important;}&#8221;][vc_column width=&#8221;1\/2&#8243;]<div  id=\"sc_price_1569843758\" \n\tclass=\"sc_price sc_price_default\"><div class=\"sc_price_info\"><div class=\"sc_price_title\"><a href=\"https:\/\/latinoseguros.com.mx\/sitio2021\/#cotiza\">Valor Latino<\/a><\/div><div class=\"sc_price_description\">Amplia<\/div><div class=\"sc_price_details\">Dise\u00f1amos un Seguro de Auto diferente que se adapta a tu etapa de vida y necesidades con la posibilidad de personalizarlo a tu gusto, donde tu kilometraje es clave para acceder obtener m\u00e1s beneficios.<\/p>\n<p>Te ofrecemos tres paquetes:<\/p>\n<ul>\n<li style=\"font-weight: 400;text-align: left\">Premium.<\/li>\n<li style=\"font-weight: 400;text-align: left\"><span style=\"font-weight: 400\">Trendy.<\/span><\/li>\n<li style=\"font-weight: 400;text-align: left\"><span style=\"font-weight: 400\">Minimal.<\/span><\/li>\n<\/ul>\n<p>\u00a1Dale un plus extra a tu protecci\u00f3n! Elige hasta m\u00e1s de 20 coberturas y 10 asistencias de valor para ti y tu Auto.<\/div><a href=\"https:\/\/latinoseguros.com.mx\/sitio2021\/#cotiza\" class=\"sc_price_link\" target=\"_blank\">Cotiza Ahora<\/a><\/div>\n<\/div>[\/vc_column][vc_column width=&#8221;1\/2&#8243;]<div  id=\"sc_price_966684074\" \n\tclass=\"sc_price sc_price_default\"><div class=\"sc_price_info\"><div class=\"sc_price_title\"><a href=\"https:\/\/latinoseguros.com.mx\/sitio2021\/#cotiza\">Auto Latino<\/a><\/div><div class=\"sc_price_description\">Amplia<\/div><div class=\"sc_price_details\"><\/p>\n<p style=\"text-align: center\">Paquete que ampara auto y pickup de los siguientes riesgos:<\/p>\n<ul>\n<li style=\"font-weight: 400;text-align: left\"><span style=\"font-weight: 400\">Da\u00f1os materiales.<\/span><\/li>\n<li style=\"font-weight: 400;text-align: left\"><span style=\"font-weight: 400\">Robo total.<\/span><\/li>\n<li style=\"font-weight: 400;text-align: left\"><span style=\"font-weight: 400\">Responsabilidad civil da\u00f1os a terceros.<\/span><\/li>\n<li style=\"font-weight: 400;text-align: left\"><span style=\"font-weight: 400\">Extensi\u00f3n de Responsabilidad Civil.<\/span><\/li>\n<li style=\"font-weight: 400;text-align: left\"><span style=\"font-weight: 400\">Responsabilidad civil E.U.A. y Canad\u00e1.<\/span><\/li>\n<li style=\"font-weight: 400;text-align: left\"><span style=\"font-weight: 400\">Gastos m\u00e9dicos a ocupantes.<\/span><\/li>\n<li style=\"font-weight: 400;text-align: left\"><span style=\"font-weight: 400\">Accidentes al conductor.<\/span><\/li>\n<li style=\"font-weight: 400;text-align: left\"><span style=\"font-weight: 400\">Asistencia vial.<\/span><\/li>\n<li style=\"font-weight: 400;text-align: left\"><span style=\"font-weight: 400\">Asistencia legal.<\/span><\/li>\n<\/ul>\n<p>&nbsp;<\/p>\n<p>&nbsp;<\/p>\n<p><\/div><a href=\"https:\/\/latinoseguros.com.mx\/sitio2021\/#cotiza\" class=\"sc_price_link\" target=\"_blank\">Cotiza Ahora<\/a><\/div>\n<\/div>[\/vc_column][\/vc_row][vc_row][vc_column][vc_row_inner][vc_column_inner][\/vc_column_inner][\/vc_row_inner]<div id=\"sc_title_484471133\"\r\n\t\tclass=\"sc_title_align_center sc_title sc_title_default\"><h3 class=\"sc_item_title sc_title_title sc_align_center sc_item_title_style_default sc_item_title_tag\">Un seguro para cada tipo de conductor.<br \/>\nA ti, \u00bfqu\u00e9 te gusta conducir?<\/h3><\/div><!-- \/.sc_title -->[\/vc_column][\/vc_row][vc_row equal_height=&#8221;yes&#8221; css=&#8221;.vc_custom_1604536723619{margin-bottom: 100px !important;}&#8221;][vc_column width=&#8221;1\/3&#8243;]<div  id=\"sc_price_1244850187\" \n\tclass=\"sc_price sc_price_default\"><div class=\"sc_price_info\"><div class=\"sc_price_title\"><a href=\"https:\/\/latinoseguros.com.mx\/sitio2021\/#cotiza\">Motocicleta - Auto Latino<\/a><\/div><div class=\"sc_price_description\">Amplia<\/div><div class=\"sc_price_details\"><\/p>\n<p style=\"text-align: center\"><span style=\"font-weight: 400\">Paquete que ampara los siguientes riesgos:<\/span><\/p>\n<ul>\n<li style=\"font-weight: 400;text-align: left\"><span style=\"font-weight: 400\">Da\u00f1os materiales.<\/span><\/li>\n<li style=\"font-weight: 400;text-align: left\"><span style=\"font-weight: 400\">Robo total.<\/span><\/li>\n<li style=\"font-weight: 400;text-align: left\"><span style=\"font-weight: 400\">Responsabilidad civil da\u00f1os a terceros.<\/span><\/li>\n<\/ul>\n<p><\/div><a href=\"https:\/\/latinoseguros.com.mx\/sitio2021\/#cotiza\" class=\"sc_price_link\" target=\"_blank\">Cotiza Ahora<\/a><\/div>\n<\/div>[\/vc_column][vc_column width=&#8221;1\/3&#8243;]<div  id=\"sc_price_428776931\" \n\tclass=\"sc_price sc_price_default\"><div class=\"sc_price_info\"><div class=\"sc_price_title\"><a href=\"https:\/\/latinoseguros.com.mx\/sitio2021\/#cotiza\">Auto Cl\u00e1sico - Auto Diario Latino<\/a><\/div><div class=\"sc_price_description\">Amplia<\/div><div class=\"sc_price_details\"><\/p>\n<p style=\"text-align: center\"><span style=\"font-weight: 400\">Tu auto cl\u00e1sico merece un buen trato, con nuestras coberturas queda asegurado contra:<\/span><\/p>\n<ul>\n<li style=\"text-align: left\">Da\u00f1os Materiales.<\/li>\n<li style=\"text-align: left\">Robo Total.<\/li>\n<li style=\"text-align: left\">Responsabilidad Civil.<\/li>\n<li style=\"text-align: left\">Responsabilidad Civil Cruzada.<\/li>\n<li style=\"text-align: left\">Gastos M\u00e9dicos Conductor.<\/li>\n<li style=\"text-align: left\">Equipo especial, adaptaciones y\/o conversiones.<\/li>\n<li style=\"text-align: left\">Accidentes automovil\u00edsticos al conductor.<\/li>\n<li style=\"text-align: left\">Asistencia legal y vial.<\/li>\n<\/ul>\n<p><\/div><a href=\"https:\/\/latinoseguros.com.mx\/sitio2021\/#cotiza\" class=\"sc_price_link\" target=\"_blank\">Cotiza Ahora<\/a><\/div>\n<\/div>[\/vc_column][vc_column width=&#8221;1\/3&#8243;]<div  id=\"sc_price_623845875\" \n\tclass=\"sc_price sc_price_default\"><div class=\"sc_price_info\"><div class=\"sc_price_title\"><a href=\"https:\/\/latinoseguros.com.mx\/sitio2021\/#cotiza\">Cami\u00f3n - Camino Latino<\/a><\/div><div class=\"sc_price_description\">Amplia<\/div><div class=\"sc_price_details\"><\/p>\n<p style=\"text-align: center\"><span style=\"font-weight: 400\">Protege una de las herramientas de trabajo m\u00e1s importantes para tu empresa como lo son<\/span> <span style=\"font-weight: 400\">los camiones de hasta 3.5 toneladas contra:<\/span><\/p>\n<ul>\n<li style=\"font-weight: 400;text-align: left\"><span style=\"font-weight: 400\">Da\u00f1os materiales.<\/span><\/li>\n<li style=\"font-weight: 400;text-align: left\"><span style=\"font-weight: 400\">Robo total.<\/span><\/li>\n<li style=\"font-weight: 400;text-align: left\"><span style=\"font-weight: 400\">Responsabilidad civil da\u00f1os a terceros.<\/span><\/li>\n<li style=\"font-weight: 400;text-align: left\"><span style=\"font-weight: 400\">Gastos m\u00e9dicos a ocupantes.<\/span><\/li>\n<li style=\"font-weight: 400;text-align: left\"><span style=\"font-weight: 400\">Accidentes al conductor.<\/span><\/li>\n<li style=\"font-weight: 400;text-align: left\"><span style=\"font-weight: 400\">Asistencia vial.<\/span><\/li>\n<li style=\"font-weight: 400;text-align: left\"><span style=\"font-weight: 400\">Asistencia legal.<\/span><\/li>\n<\/ul>\n<p><\/div><a href=\"https:\/\/latinoseguros.com.mx\/sitio2021\/#cotiza\" class=\"sc_price_link\" target=\"_blank\">Cotiza Ahora<\/a><\/div>\n<\/div>[\/vc_column][\/vc_row][vc_row][vc_column width=&#8221;1\/4&#8243;]<div id=\"sc_title_1526106822\"\r\n\t\tclass=\"sc_title_align_left sc_title sc_title_default\"><h5 class=\"sc_item_title sc_title_title sc_align_left sc_item_title_style_default sc_item_title_tag\">Contamos con coberturas adicionales opcionales, con\u00f3celas:<\/h5><div class=\"sc_item_descr sc_title_descr sc_align_left\">Si eres de los que les encanta recibir la mejor y mayor cobertura, ampl\u00eda tu protecci\u00f3n con nuestras coberturas adicionales que te dar\u00e1n el plus que t\u00fa y tu auto necesitan.<\/div><\/div><!-- \/.sc_title -->[\/vc_column][vc_column width=&#8221;3\/4&#8243;]<div class=\"cq-dagallery-container\" style=\"width:100%;margin:0 auto;\"><ul class=\"cq-dagallery\" data-gallerywidth=\"100%\" data-width=\"420\" data-height=\"315\" data-color=\"#ffffff\" data-background=\"#00bfff\" data-opacity=\"0\"><li class=\"\" data-width=\"420\" data-height=\"315\" data-margin=\"5px\" style=\"margin:5px\"><a class=\"normal\" href=\"https:\/\/latinoseguros.com.mx\/sitio2021\/wp-content\/uploads\/2020\/11\/latino-seguros-auto-10.jpg\" rel=\"164577\"><img src='https:\/\/latinoseguros.com.mx\/sitio2021\/wp-content\/uploads\/2020\/11\/latino-seguros-auto-10-840x630.jpg' width='420' height='315' alt='' \/><\/a><div class=\"dagallery-info\" style=\"padding:20px;color:#ffffff;background-color:#00bfff\"><\/div><\/li><li class=\"\" data-width=\"420\" data-height=\"315\" data-margin=\"5px\" style=\"margin:5px\"><a class=\"normal\" href=\"https:\/\/latinoseguros.com.mx\/sitio2021\/wp-content\/uploads\/2020\/11\/latino-seguros-auto-sustituto.jpg\" rel=\"164577\"><img src='https:\/\/latinoseguros.com.mx\/sitio2021\/wp-content\/uploads\/2020\/11\/latino-seguros-auto-sustituto-840x630.jpg' width='420' height='315' alt='' \/><\/a><div class=\"dagallery-info\" style=\"padding:20px;color:#ffffff;background-color:#00bfff\"><\/div><\/li><\/ul><\/div>[\/vc_column][\/vc_row][vc_row][vc_column][vc_empty_space height=&#8221;58px&#8221; hide_on_mobile=&#8221;&#8221;][vc_column_text]<\/p>\n<h5 style=\"text-align: center;\"><span style=\"font-weight: 400;\">Al solicitar tu cotizaci\u00f3n pregunta por nuestros paquetes<\/span><\/h5>\n<p>[\/vc_column_text][\/vc_column][\/vc_row][vc_row css=&#8221;.vc_custom_1658422388077{margin-top: 80px !important;margin-bottom: 80px !important;}&#8221;][vc_column width=&#8221;1\/3&#8243;][vc_empty_space height=&#8221;38px&#8221; hide_on_mobile=&#8221;&#8221;][vc_column_text]<\/p>\n<h5 style=\"text-align: left;\"><span style=\"font-weight: 400;\">Documentos Valor Latino<\/span><\/h5>\n<p>[\/vc_column_text][vc_empty_space height=&#8221;38px&#8221; hide_on_mobile=&#8221;&#8221;][vc_column_text]<a href=\"https:\/\/latinoseguros.com.mx\/sitio2021\/wp-content\/uploads\/2022\/07\/CG-CNSFS0013-VALORLATINO-2022_-V.24-30JUN22.pdf\" target=\"_blank\" rel=\"noopener\">Condiciones Generales<\/a><br \/>\n<a href=\"https:\/\/latinoseguros.com.mx\/sitio2021\/wp-content\/uploads\/2022\/07\/Derechos-Basicos-de-los-Contratantes-Asegurados-y-Beneficiarios-del-Seguro-de-Auto.pdf\" target=\"_blank\" rel=\"noopener\">Folleto de Derechos B\u00e1sicos<\/a><br \/>\n<a href=\"https:\/\/latinoseguros.com.mx\/sitio2021\/wp-content\/uploads\/2022\/07\/Valor-Latino-Solicitud-de-Auto-Latino.pdf\" target=\"_blank\" rel=\"noopener\">Solicitud<\/a><br \/>\n<a href=\"https:\/\/latinoseguros.com.mx\/sitio2021\/wp-content\/uploads\/2022\/07\/Politicas-Ajustadores-Autos.pdf\" target=\"_blank\" rel=\"noopener\">Pol\u00edticas de Ajustadores Autos<\/a><br \/>\n<a href=\"https:\/\/latinoseguros.com.mx\/sitio2021\/wp-content\/uploads\/2022\/07\/Anexo-de-Abreviaturas-para-el-Seguro-de-Servicio-Publico.pdf\" target=\"_blank\" rel=\"noopener\">Anexo de abreviaturas<\/a>[\/vc_column_text][\/vc_column][vc_column width=&#8221;1\/3&#8243;][vc_empty_space height=&#8221;78px&#8221; hide_on_mobile=&#8221;&#8221;][vc_column_text]<\/p>\n<h5 style=\"text-align: left;\"><span style=\"font-weight: 400;\">Documentos Valor Latino Junio 2023<\/span><\/h5>\n<p>[\/vc_column_text][vc_empty_space height=&#8221;38px&#8221; hide_on_mobile=&#8221;&#8221;][vc_column_text]<a href=\"https:\/\/latinoseguros.com.mx\/sitio2021\/wp-content\/uploads\/2023\/06\/Condiciones-Generales-Valor-Latino.pdf\" target=\"_blank\" rel=\"noopener\">Condiciones Generales<\/a><br \/>\n<a href=\"https:\/\/latinoseguros.com.mx\/sitio2021\/wp-content\/uploads\/2023\/06\/Folleto-de-Derechos-Basicos-Valor-Latino.pdf\" target=\"_blank\" rel=\"noopener\">Folleto de Derechos B\u00e1sicos<\/a><br \/>\n<a href=\"https:\/\/latinoseguros.com.mx\/sitio2021\/wp-content\/uploads\/2023\/06\/Valor-Latino-Solicitud-de-Auto-Latino-Seguros.pdf\" target=\"_blank\" rel=\"noopener\">Solicitud<\/a><br \/>\n<a href=\"https:\/\/latinoseguros.com.mx\/sitio2021\/wp-content\/uploads\/2023\/06\/Politicas-de-Ajustadores-Autos.pdf\" target=\"_blank\" rel=\"noopener\">Pol\u00edticas de Ajustadores Autos<\/a><br \/>\n<a href=\"https:\/\/latinoseguros.com.mx\/sitio2021\/wp-content\/uploads\/2023\/06\/Anexo-de-Abreviaturas-para-el-Seguro-de-Servicio-Publico.pdf\" target=\"_blank\" rel=\"noopener\">Anexo de abreviaturas<\/a>[\/vc_column_text][\/vc_column][vc_column width=&#8221;1\/3&#8243;][vc_empty_space height=&#8221;78px&#8221; hide_on_mobile=&#8221;&#8221;][vc_column_text]<\/p>\n<h5 style=\"text-align: left;\"><span style=\"font-weight: 400;\">Documentos Autom\u00f3viles Latino 2016 UMAS<\/span><\/h5>\n<p>[\/vc_column_text][vc_empty_space height=&#8221;38px&#8221; hide_on_mobile=&#8221;&#8221;][vc_column_text]<a href=\"https:\/\/latinoseguros.com.mx\/sitio2021\/wp-content\/uploads\/2022\/08\/CONDICIONES-GENERALES_SEGURO-DE-TRANSPORTE-PUBLICO1.pdf\" target=\"_blank\" rel=\"noopener\">Condiciones Generales<\/a><br \/>\n<a href=\"https:\/\/latinoseguros.com.mx\/sitio2021\/wp-content\/uploads\/2022\/07\/derechos_basicos_contratantes_siniestro_auto_latino.pdf\" target=\"_blank\" rel=\"noopener\">Folleto de Derechos B\u00e1sicos<\/a><br \/>\n<a href=\"https:\/\/latinoseguros.com.mx\/sitio2021\/wp-content\/uploads\/2022\/07\/Solicitud-AUTOMOVILES-LATINO-_UMA_-v1-final-Taxi-Latino.pdf\" target=\"_blank\" rel=\"noopener\">Solicitud<\/a><br \/>\n<a href=\"https:\/\/latinoseguros.com.mx\/sitio2021\/wp-content\/uploads\/2022\/07\/Politicas-Ajustadores-Automoviles-2016-UMAS.pdf\" target=\"_blank\" rel=\"noopener\">Pol\u00edticas de Ajustadores Autos<\/a><br \/>\n<a href=\"https:\/\/latinoseguros.com.mx\/sitio2021\/wp-content\/uploads\/2022\/07\/anexo-de-abreviaturas-Servicio-Publico-Taxi-Latino.pdf\" target=\"_blank\" rel=\"noopener\">Anexo de abreviaturas<\/a>[\/vc_column_text][\/vc_column][\/vc_row]<\/p>\n","protected":false},"excerpt":{"rendered":"<p>[vc_row full_width=&#8221;stretch_row&#8221;][vc_column][\/vc_column][\/vc_row][vc_row content_placement=&#8221;middle&#8221; css=&#8221;.vc_custom_1604527261597{margin-bottom: 100px !important;}&#8221;][vc_column width=&#8221;1\/2&#8243;][vc_single_image image=&#8221;1487&#8243; img_size=&#8221;full&#8221;][\/vc_column][vc_column width=&#8221;1\/2&#8243;][vc_column_text]El auto es el medio de transporte por excelencia, y es indispensable sentirse protegido estando dentro de \u00e9l. No permitas que un imprevisto afecte tu econom\u00eda. Los accidentes pasan y hay&hellip;<\/p>\n","protected":false},"author":1,"featured_media":0,"parent":1565,"menu_order":0,"comment_status":"closed","ping_status":"closed","template":"","meta":{"_seopress_robots_primary_cat":"","content-type":"","footnotes":""},"class_list":["post-1645","page","type-page","status-publish","hentry"],"_links":{"self":[{"href":"https:\/\/latinoseguros.com.mx\/sitio2021\/wp-json\/wp\/v2\/pages\/1645","targetHints":{"allow":["GET"]}}],"collection":[{"href":"https:\/\/latinoseguros.com.mx\/sitio2021\/wp-json\/wp\/v2\/pages"}],"about":[{"href":"https:\/\/latinoseguros.com.mx\/sitio2021\/wp-json\/wp\/v2\/types\/page"}],"author":[{"embeddable":true,"href":"https:\/\/latinoseguros.com.mx\/sitio2021\/wp-json\/wp\/v2\/users\/1"}],"replies":[{"embeddable":true,"href":"https:\/\/latinoseguros.com.mx\/sitio2021\/wp-json\/wp\/v2\/comments?post=1645"}],"version-history":[{"count":44,"href":"https:\/\/latinoseguros.com.mx\/sitio2021\/wp-json\/wp\/v2\/pages\/1645\/revisions"}],"predecessor-version":[{"id":5719,"href":"https:\/\/latinoseguros.com.mx\/sitio2021\/wp-json\/wp\/v2\/pages\/1645\/revisions\/5719"}],"up":[{"embeddable":true,"href":"https:\/\/latinoseguros.com.mx\/sitio2021\/wp-json\/wp\/v2\/pages\/1565"}],"wp:attachment":[{"href":"https:\/\/latinoseguros.com.mx\/sitio2021\/wp-json\/wp\/v2\/media?parent=1645"}],"curies":[{"name":"wp","href":"https:\/\/api.w.org\/{rel}","templated":true}]}}