{"id":1593,"date":"2020-11-04T18:10:54","date_gmt":"2020-11-05T00:10:54","guid":{"rendered":"http:\/\/latinoseguros.com.mx.previewc75.carrierzone.com\/sitio2020\/?page_id=1593"},"modified":"2022-08-01T09:35:25","modified_gmt":"2022-08-01T14:35:25","slug":"vida","status":"publish","type":"page","link":"https:\/\/latinoseguros.com.mx\/sitio2021\/personas\/vida\/","title":{"rendered":"Seguro de Vida"},"content":{"rendered":"<p>[vc_row full_width=&#8221;stretch_row&#8221;][vc_column]<div id=\"sc_title_1132837432\"\r\n\t\tclass=\"sc_title_align_center sc_title sc_title_default\"><h3 class=\"sc_item_title sc_title_title sc_align_center sc_item_title_style_default\">\u00bfPor qu\u00e9 contratar un seguro de vida?<\/h3><\/div><!-- \/.sc_title -->[\/vc_column][\/vc_row][vc_row content_placement=&#8221;middle&#8221; css=&#8221;.vc_custom_1604527261597{margin-bottom: 100px !important;}&#8221;][vc_column width=&#8221;1\/2&#8243;][vc_single_image image=&#8221;1482&#8243; img_size=&#8221;full&#8221;][\/vc_column][vc_column width=&#8221;1\/2&#8243;][vc_column_text]El seguro de vida es la mejor inversi\u00f3n que puedes realizar para la protecci\u00f3n de tu familia, ya que a trav\u00e9s del mismo, brindas a tus seres queridos la oportunidad de vivir con tranquilidad financiera cuando t\u00fa ya no est\u00e9s, ante el riesgos como fallecimiento, accidentes o enfermedades.<\/p>\n<p>Protege a tus seres queridos y garant\u00edzales el nivel de vida que merecen.[\/vc_column_text]<div class=\"sc_item_button sc_button_wrap sc_align_left\"><a href=\"http:\/\/latinoseguros.com.mx\/sitio2021\/#cotiza\" id=\"sc_button_340771340\" class=\"sc_button sc_button_default  vc_custom_1642006209740 color_preset_dark sc_button_size_normal sc_button_icon_left\"><span class=\"sc_button_text\"><span class=\"sc_button_title\">Cotiza ahora<\/span><\/span><!-- \/.sc_button_text --><\/a><!-- \/.sc_button --><\/div><!-- \/.sc_item_button -->[\/vc_column][\/vc_row][vc_row][vc_column]<div id=\"sc_title_685127497\"\r\n\t\tclass=\"sc_title_align_center sc_title sc_title_default\"><h3 class=\"sc_item_title sc_title_title sc_align_center sc_item_title_style_default sc_item_title_tag\">\u00bfQu\u00e9 Seguro de Vida se adapta a tus necesidades?<\/h3><\/div><!-- \/.sc_title -->[\/vc_column][\/vc_row][vc_row equal_height=&#8221;yes&#8221; css=&#8221;.vc_custom_1604534878037{margin-bottom: 50px !important;}&#8221;][vc_column width=&#8221;1\/3&#8243;]<div  id=\"sc_price_2143233033\" \n\tclass=\"sc_price sc_price_default\"><div class=\"sc_price_info\"><div class=\"sc_price_title\"><a href=\"http:\/\/latinoseguros.com.mx\/sitio2021\/#cotiza\">Legado Latino<\/a><\/div><div class=\"sc_price_description\">Es el respaldo y tranquilidad de saber que tu familia est\u00e1 protegida ante cualquier situaci\u00f3n, y tu legado ser\u00e1 la inspiraci\u00f3n para seguir adelante.<\/div><div class=\"sc_price_details\"><\/p>\n<h4 style=\"text-align: center\"><span style=\"font-weight: 400\">Coberturas<\/span><\/h4>\n<ul>\n<li style=\"font-weight: 400;text-align: left\"><span style=\"font-weight: 400\">Coberturas adicionales para complementar tu protecci\u00f3n<\/span><span style=\"font-weight: 400\">.<\/span><\/li>\n<li style=\"font-weight: 400;text-align: left\"><span style=\"font-weight: 400\">Contrataci\u00f3n en moneda nacional.<\/span><\/li>\n<li style=\"font-weight: 400;text-align: left\"><span style=\"font-weight: 400\">Protecci\u00f3n por determinado tiempo.<\/span><\/li>\n<\/ul>\n<p><\/div><a href=\"http:\/\/latinoseguros.com.mx\/sitio2021\/#cotiza\" class=\"sc_price_link\" target=\"_blank\">Cotiza Ahora<\/a><\/div>\n<\/div>[\/vc_column][vc_column width=&#8221;1\/3&#8243;]<div  id=\"sc_price_587786034\" \n\tclass=\"sc_price sc_price_default\"><div class=\"sc_price_info\"><div class=\"sc_price_title\"><a href=\"http:\/\/latinoseguros.com.mx\/sitio2021\/#cotiza\">Temporal<\/a><\/div><div class=\"sc_price_description\">La protecci\u00f3n justa al precio que t\u00fa puedes pagar, con este seguro te ofrecemos:<\/div><div class=\"sc_price_details\"><\/p>\n<h4 style=\"text-align: center\"><span style=\"font-weight: 400\">Coberturas<\/span><\/h4>\n<ul>\n<li style=\"font-weight: 400;text-align: left\"><span style=\"font-weight: 400\">Coberturas adicionales para complementar tu protecci\u00f3n<\/span><span style=\"font-weight: 400\">.<\/span><\/li>\n<li style=\"font-weight: 400;text-align: left\"><span style=\"font-weight: 400\">Contrataci\u00f3n en d\u00f3lares o moneda nacional.<\/span><\/li>\n<li style=\"font-weight: 400;text-align: left\"><span style=\"font-weight: 400\">Protecci\u00f3n por determinado tiempo.<\/span><\/li>\n<\/ul>\n<p><\/div><a href=\"http:\/\/latinoseguros.com.mx\/sitio2021\/#cotiza\" class=\"sc_price_link\" target=\"_blank\">Cotiza Ahora<\/a><\/div>\n<\/div>[\/vc_column][vc_column width=&#8221;1\/3&#8243;]<div  id=\"sc_price_1270281448\" \n\tclass=\"sc_price sc_price_default\"><div class=\"sc_price_info\"><div class=\"sc_price_title\"><a href=\"http:\/\/latinoseguros.com.mx\/sitio2021\/#cotiza\">Vitalicio<\/a><\/div><div class=\"sc_price_description\">Porque toda la vida tu familia ser\u00e1 tu prioridad, este seguro te garantiza protecci\u00f3n para toda la vida, te ofrecemos:<\/div><div class=\"sc_price_details\"><\/p>\n<h4 style=\"text-align: center\"><span style=\"font-weight: 400\">Coberturas<\/span><\/h4>\n<ul>\n<li style=\"font-weight: 400;text-align: left\"><span style=\"font-weight: 400\">Contrataci\u00f3n en d\u00f3lares o moneda nacional.<\/span><\/li>\n<li style=\"font-weight: 400;text-align: left\"><span style=\"font-weight: 400\">Diferentes alternativas de pago.<\/span><\/li>\n<li style=\"font-weight: 400;text-align: left\"><span style=\"font-weight: 400\">Protecci\u00f3n para toda la vida.<\/span><\/li>\n<\/ul>\n<p><\/div><a href=\"http:\/\/latinoseguros.com.mx\/sitio2021\/#cotiza\" class=\"sc_price_link\" target=\"_blank\">Cotiza Ahora<\/a><\/div>\n<\/div>[\/vc_column][\/vc_row][vc_row equal_height=&#8221;yes&#8221; css=&#8221;.vc_custom_1604525092865{margin-bottom: 80px !important;}&#8221;][vc_column width=&#8221;1\/3&#8243;]<div  id=\"sc_price_1386462658\" \n\tclass=\"sc_price sc_price_default\"><div class=\"sc_price_info\"><div class=\"sc_price_title\"><a href=\"http:\/\/latinoseguros.com.mx\/sitio2021\/#cotiza\">Dotal<\/a><\/div><div class=\"sc_price_description\">Para esos planes que necesitas que se cumplan nosotros te decimos c\u00f3mo, con este seguro que te permite ahorrar te ofrecemos:<\/div><div class=\"sc_price_details\"><\/p>\n<h4 style=\"text-align: center\"><span style=\"font-weight: 400\">Coberturas<\/span><\/h4>\n<ul>\n<li style=\"font-weight: 400;text-align: left\"><span style=\"font-weight: 400\">Coberturas adicionales para complementar tu protecci\u00f3n<\/span><span style=\"font-weight: 400\">.<\/span><\/li>\n<li style=\"font-weight: 400;text-align: left\"><span style=\"font-weight: 400\">Contrataci\u00f3n en moneda nacional.<\/span><\/li>\n<li style=\"font-weight: 400;text-align: left\"><span style=\"font-weight: 400\">Protecci\u00f3n por determinado tiempo.<\/span><\/li>\n<\/ul>\n<p><\/div><a href=\"http:\/\/latinoseguros.com.mx\/sitio2021\/#cotiza\" class=\"sc_price_link\" target=\"_blank\">Cotiza Ahora<\/a><\/div>\n<\/div>[\/vc_column][vc_column width=&#8221;1\/3&#8243;]<div  id=\"sc_price_2066177897\" \n\tclass=\"sc_price sc_price_default\"><div class=\"sc_price_info\"><div class=\"sc_price_title\"><a href=\"http:\/\/latinoseguros.com.mx\/sitio2021\/#cotiza\">L\u00edder<\/a><\/div><div class=\"sc_price_description\">Si lo que t\u00fa necesitas es que tu dinero est\u00e9 disponible en todo momento y contar con una protecci\u00f3n esto es lo que buscas: un seguro que te permite ahorrar y disponer de tu dinero cuando lo necesites, te ofrecemos:<\/div><div class=\"sc_price_details\"><\/p>\n<h4 style=\"text-align: center\"><span style=\"font-weight: 400\">Coberturas<\/span><\/h4>\n<ul>\n<li style=\"font-weight: 400;text-align: left\">Coberturas accesorias para complementar tu protecci\u00f3n.<\/li>\n<li style=\"font-weight: 400;text-align: left\">Contrataci\u00f3n en moneda nacional.<\/li>\n<li style=\"font-weight: 400;text-align: left\">Opci\u00f3n a realizar aportaciones adicionales.<\/li>\n<li style=\"font-weight: 400;text-align: left\">Protecci\u00f3n por determinado tiempo o para toda la vida.<\/li>\n<li style=\"font-weight: 400;text-align: left\">Recuperaci\u00f3n de valor en efectivo.<\/li>\n<\/ul>\n<p><\/div><a href=\"http:\/\/latinoseguros.com.mx\/sitio2021\/#cotiza\" class=\"sc_price_link\" target=\"_blank\">Cotiza Ahora<\/a><\/div>\n<\/div>[\/vc_column][vc_column width=&#8221;1\/3&#8243;]<div  id=\"sc_price_665270589\" \n\tclass=\"sc_price sc_price_default\"><div class=\"sc_price_info\"><div class=\"sc_price_title\"><a href=\"http:\/\/latinoseguros.com.mx\/sitio2021\/#cotiza\">Continuidad de salarios<\/a><\/div><div class=\"sc_price_description\">En sus modalidades de protecci\u00f3n para toda la vida o solo por determinado tiempo, t\u00fa s\u00ed sabr\u00e1s para qui\u00e9n trabajaste, debido a que te garantizamos una renta mensual para tus beneficiarios, te ofrecemos:<\/div><div class=\"sc_price_details\"><\/p>\n<h4 style=\"text-align: center\"><span style=\"font-weight: 400\">Coberturas<\/span><\/h4>\n<ul>\n<li style=\"font-weight: 400;text-align: left\"><span style=\"font-weight: 400\">Coberturas accesorias para complementar tu protecci\u00f3n.<\/span><\/li>\n<li style=\"font-weight: 400;text-align: left\"><span style=\"font-weight: 400\">Contrataci\u00f3n en moneda nacional.<\/span><\/li>\n<li style=\"font-weight: 400;text-align: left\"><span style=\"font-weight: 400\">Opci\u00f3n a realizar aportaciones adicionales.<\/span><\/li>\n<li style=\"font-weight: 400;text-align: left\"><span style=\"font-weight: 400\">Protecci\u00f3n por determinado tiempo o para toda la vida.<\/span><\/li>\n<li style=\"font-weight: 400;text-align: left\"><span style=\"font-weight: 400\">Recuperaci\u00f3n de valor en efectivo.<\/span><\/li>\n<\/ul>\n<p><\/div><a href=\"http:\/\/latinoseguros.com.mx\/sitio2021\/#cotiza\" class=\"sc_price_link\" target=\"_blank\">Cotiza Ahora<\/a><\/div>\n<\/div>[\/vc_column][\/vc_row][vc_row][vc_column width=&#8221;1\/4&#8243;]<div id=\"sc_title_620488412\"\r\n\t\tclass=\"sc_title_align_left sc_title sc_title_default\"><h5 class=\"sc_item_title sc_title_title sc_align_left sc_item_title_style_default sc_item_title_tag\">Contamos con coberturas adicionales opcionales, con\u00f3celas:<\/h5><\/div><!-- \/.sc_title -->[\/vc_column][vc_column width=&#8221;3\/4&#8243;]<div class=\"cq-dagallery-container\" style=\"width:100%;margin:0 auto;\"><ul class=\"cq-dagallery\" data-gallerywidth=\"100%\" data-width=\"280\" data-height=\"210\" data-color=\"#ffffff\" data-background=\"#00bfff\" data-opacity=\"0\"><li class=\"\" data-width=\"280\" data-height=\"210\" data-margin=\"5px\" style=\"margin:5px\"><a class=\"normal\" href=\"https:\/\/latinoseguros.com.mx\/sitio2021\/wp-content\/uploads\/2020\/11\/latino-seguros-vida-accidentes.jpg\" rel=\"159341\"><img src='https:\/\/latinoseguros.com.mx\/sitio2021\/wp-content\/uploads\/2020\/11\/latino-seguros-vida-accidentes-280x210.jpg' width='280' height='210' alt='' \/><\/a><div class=\"dagallery-info\" style=\"padding:20px;color:#ffffff;background-color:#00bfff\"><\/div><\/li><li class=\"\" data-width=\"280\" data-height=\"210\" data-margin=\"5px\" style=\"margin:5px\"><a class=\"normal\" href=\"https:\/\/latinoseguros.com.mx\/sitio2021\/wp-content\/uploads\/2020\/11\/latino-seguros-vida-conyugal.jpg\" rel=\"159341\"><img src='https:\/\/latinoseguros.com.mx\/sitio2021\/wp-content\/uploads\/2020\/11\/latino-seguros-vida-conyugal-280x210.jpg' width='280' height='210' alt='' \/><\/a><div class=\"dagallery-info\" style=\"padding:20px;color:#ffffff;background-color:#00bfff\"><\/div><\/li><li class=\"\" data-width=\"280\" data-height=\"210\" data-margin=\"5px\" style=\"margin:5px\"><a class=\"normal\" href=\"https:\/\/latinoseguros.com.mx\/sitio2021\/wp-content\/uploads\/2020\/11\/latino-seguros-vida-invalidez.jpg\" rel=\"159341\"><img src='https:\/\/latinoseguros.com.mx\/sitio2021\/wp-content\/uploads\/2020\/11\/latino-seguros-vida-invalidez-280x210.jpg' width='280' height='210' alt='' \/><\/a><div class=\"dagallery-info\" style=\"padding:20px;color:#ffffff;background-color:#00bfff\"><\/div><\/li><li class=\"\" data-width=\"280\" data-height=\"210\" data-margin=\"5px\" style=\"margin:5px\"><a class=\"normal\" href=\"https:\/\/latinoseguros.com.mx\/sitio2021\/wp-content\/uploads\/2020\/11\/latino-seguros-vida-mancomunado.jpg\" rel=\"159341\"><img src='https:\/\/latinoseguros.com.mx\/sitio2021\/wp-content\/uploads\/2020\/11\/latino-seguros-vida-mancomunado-280x210.jpg' width='280' height='210' alt='' \/><\/a><div class=\"dagallery-info\" style=\"padding:20px;color:#ffffff;background-color:#00bfff\"><\/div><\/li><li class=\"\" data-width=\"280\" data-height=\"210\" data-margin=\"5px\" style=\"margin:5px\"><a class=\"normal\" href=\"https:\/\/latinoseguros.com.mx\/sitio2021\/wp-content\/uploads\/2020\/11\/latino-seguros-vida-enfermedades-graves.jpg\" rel=\"159341\"><img src='https:\/\/latinoseguros.com.mx\/sitio2021\/wp-content\/uploads\/2020\/11\/latino-seguros-vida-enfermedades-graves-280x210.jpg' width='280' height='210' alt='' \/><\/a><div class=\"dagallery-info\" style=\"padding:20px;color:#ffffff;background-color:#00bfff\"><\/div><\/li><\/ul><\/div>[\/vc_column][\/vc_row][vc_row][vc_column][\/vc_column][\/vc_row][vc_row css=&#8221;.vc_custom_1606159370357{margin-top: 80px !important;margin-bottom: 80px !important;}&#8221;][vc_column][vc_column_text]<\/p>\n<h5 style=\"text-align: center;\"><span style=\"font-weight: 400;\">Al solicitar tu cotizaci\u00f3n pregunta por nuestros paquetes<\/span><\/h5>\n<p>[\/vc_column_text][\/vc_column][\/vc_row]<\/p>\n","protected":false},"excerpt":{"rendered":"<p>[vc_row full_width=&#8221;stretch_row&#8221;][vc_column][\/vc_column][\/vc_row][vc_row content_placement=&#8221;middle&#8221; css=&#8221;.vc_custom_1604527261597{margin-bottom: 100px !important;}&#8221;][vc_column width=&#8221;1\/2&#8243;][vc_single_image image=&#8221;1482&#8243; img_size=&#8221;full&#8221;][\/vc_column][vc_column width=&#8221;1\/2&#8243;][vc_column_text]El seguro de vida es la mejor inversi\u00f3n que puedes realizar para la protecci\u00f3n de tu familia, ya que a trav\u00e9s del mismo, brindas a tus seres queridos la oportunidad de&hellip;<\/p>\n","protected":false},"author":1,"featured_media":0,"parent":1565,"menu_order":0,"comment_status":"closed","ping_status":"closed","template":"","meta":{"_seopress_robots_primary_cat":"","content-type":"","footnotes":""},"class_list":["post-1593","page","type-page","status-publish","hentry"],"_links":{"self":[{"href":"https:\/\/latinoseguros.com.mx\/sitio2021\/wp-json\/wp\/v2\/pages\/1593","targetHints":{"allow":["GET"]}}],"collection":[{"href":"https:\/\/latinoseguros.com.mx\/sitio2021\/wp-json\/wp\/v2\/pages"}],"about":[{"href":"https:\/\/latinoseguros.com.mx\/sitio2021\/wp-json\/wp\/v2\/types\/page"}],"author":[{"embeddable":true,"href":"https:\/\/latinoseguros.com.mx\/sitio2021\/wp-json\/wp\/v2\/users\/1"}],"replies":[{"embeddable":true,"href":"https:\/\/latinoseguros.com.mx\/sitio2021\/wp-json\/wp\/v2\/comments?post=1593"}],"version-history":[{"count":12,"href":"https:\/\/latinoseguros.com.mx\/sitio2021\/wp-json\/wp\/v2\/pages\/1593\/revisions"}],"predecessor-version":[{"id":4185,"href":"https:\/\/latinoseguros.com.mx\/sitio2021\/wp-json\/wp\/v2\/pages\/1593\/revisions\/4185"}],"up":[{"embeddable":true,"href":"https:\/\/latinoseguros.com.mx\/sitio2021\/wp-json\/wp\/v2\/pages\/1565"}],"wp:attachment":[{"href":"https:\/\/latinoseguros.com.mx\/sitio2021\/wp-json\/wp\/v2\/media?parent=1593"}],"curies":[{"name":"wp","href":"https:\/\/api.w.org\/{rel}","templated":true}]}}