{"id":1962,"date":"2020-11-13T13:16:49","date_gmt":"2020-11-13T19:16:49","guid":{"rendered":"http:\/\/latinoseguros.com.mx.previewc75.carrierzone.com\/sitio2020\/?page_id=1962"},"modified":"2020-11-13T14:23:59","modified_gmt":"2020-11-13T20:23:59","slug":"requisitos-contratacion","status":"publish","type":"page","link":"http:\/\/latinoseguros.com.mx\/sitio2020\/contratacion-seguros\/requisitos-contratacion\/","title":{"rendered":"Requisitos de Contrataci\u00f3n"},"content":{"rendered":"<p>[vc_row css=&#8221;.vc_custom_1605295785264{margin-bottom: 80px !important;}&#8221;][vc_column width=&#8221;1\/3&#8243;]<div id=\"sc_title_524200231\"\r\n\t\tclass=\"sc_title_align_default sc_title sc_title_default\"><h4 class=\"sc_item_title sc_title_title sc_align_default sc_item_title_style_default sc_item_title_tag\">Seguro de auto<\/h4><\/div><!-- \/.sc_title -->[vc_column_text]<\/p>\n<ul>\n<li>Solicitud debidamente requisitada.<\/li>\n<li>Tarjeta de circulaci\u00f3n.<\/li>\n<li>Identificaci\u00f3n oficial.<\/li>\n<li>Comprobante de domicilio.<\/li>\n<\/ul>\n<p>[\/vc_column_text][\/vc_column][vc_column width=&#8221;1\/3&#8243;]<div id=\"sc_title_1370635120\"\r\n\t\tclass=\"sc_title_align_default sc_title sc_title_default\"><h4 class=\"sc_item_title sc_title_title sc_align_default sc_item_title_style_default sc_item_title_tag\">Seguro de auto cl\u00e1sico<\/h4><\/div><!-- \/.sc_title -->[vc_column_text]<\/p>\n<ul>\n<li>Que tu auto cuente con un m\u00ednimo 30 a\u00f1os de antig\u00fcedad.<\/li>\n<li>Contar con placas de auto antiguo.<\/li>\n<li>Contar con el aval\u00fao.<\/li>\n<\/ul>\n<p>[\/vc_column_text][\/vc_column][vc_column width=&#8221;1\/3&#8243;]<div id=\"sc_title_507632469\"\r\n\t\tclass=\"sc_title_align_default sc_title sc_title_default\"><h4 class=\"sc_item_title sc_title_title sc_align_default sc_item_title_style_default sc_item_title_tag\">Seguro de Gastos M\u00e9dicos Mayores<\/h4><\/div><!-- \/.sc_title -->[vc_column_text]<\/p>\n<ul>\n<li>Presentar solicitud completamente contestada as\u00ed como cubrir los requisitos m\u00e9dicos que se soliciten.<\/li>\n<li>Cumplir con las edades de aceptaci\u00f3n de Latino Seguros.<\/li>\n<\/ul>\n<p>[\/vc_column_text][\/vc_column][\/vc_row][vc_row css=&#8221;.vc_custom_1605298798608{margin-bottom: 80px !important;}&#8221;][vc_column width=&#8221;1\/3&#8243;]<div id=\"sc_title_535417517\"\r\n\t\tclass=\"sc_title_align_default sc_title sc_title_default\"><h4 class=\"sc_item_title sc_title_title sc_align_default sc_item_title_style_default sc_item_title_tag\">Seguro de vida<\/h4><\/div><!-- \/.sc_title -->[vc_column_text]<\/p>\n<ul>\n<li>Cumplir con los requisitos m\u00e9dicos y edades de aceptaci\u00f3n de Latino Seguros.<\/li>\n<li>Presentar solicitud completamente contestada.<\/li>\n<\/ul>\n<p>[\/vc_column_text][\/vc_column][vc_column width=&#8221;1\/3&#8243;]<div id=\"sc_title_837361880\"\r\n\t\tclass=\"sc_title_align_default sc_title sc_title_default\"><h4 class=\"sc_item_title sc_title_title sc_align_default sc_item_title_style_default sc_item_title_tag\">Seguro de accidentes personales escolares<\/h4><\/div><!-- \/.sc_title -->[vc_column_text]El alta de asegurados deber\u00e1 reportarse m\u00e1ximo a los 30 d\u00edas naturales de haber ingresado al grupo, de lo contrario no habr\u00e1 responsabilidad de  Latino Seguros en caso de siniestro.[\/vc_column_text][\/vc_column][vc_column width=&#8221;1\/3&#8243;]<div id=\"sc_title_1685538086\"\r\n\t\tclass=\"sc_title_align_default sc_title sc_title_default\"><h4 class=\"sc_item_title sc_title_title sc_align_default sc_item_title_style_default sc_item_title_tag\">Seguro de accidentes<\/h4><\/div><!-- \/.sc_title -->[vc_column_text]<\/p>\n<ul>\n<li>Presentar solicitud completamente contestada.<\/li>\n<li>Cumplir con las edades de aceptaci\u00f3n de Latino Seguros.<\/li>\n<li>Es indispensable que la p\u00f3liza est\u00e9 pagada para que proceda la cobertura.<\/li>\n<\/ul>\n<p>[\/vc_column_text][\/vc_column][\/vc_row][vc_row css=&#8221;.vc_custom_1605298798608{margin-bottom: 80px !important;}&#8221;][vc_column width=&#8221;1\/3&#8243;]<div id=\"sc_title_1825666370\"\r\n\t\tclass=\"sc_title_align_default sc_title sc_title_default\"><h4 class=\"sc_item_title sc_title_title sc_align_default sc_item_title_style_default sc_item_title_tag\">Seguro de taxi<\/h4><\/div><!-- \/.sc_title -->[vc_column_text]<\/p>\n<ul>\n<li style=\"font-weight: 400;\"><span style=\"font-weight: 400;\">Tarjeta de circulaci\u00f3n.<\/span><\/li>\n<li style=\"font-weight: 400;\"><span style=\"font-weight: 400;\">IFE del Propietario o Conductor.<\/span><\/li>\n<li style=\"font-weight: 400;\"><span style=\"font-weight: 400;\">Tarjet\u00f3n del Conductor.<\/span><\/li>\n<li style=\"font-weight: 400;\"><span style=\"font-weight: 400;\">Comprobante de domicilio.<\/span><\/li>\n<\/ul>\n<p>[\/vc_column_text][\/vc_column][vc_column width=&#8221;1\/3&#8243;]<div id=\"sc_title_990650156\"\r\n\t\tclass=\"sc_title_align_default sc_title sc_title_default\"><h4 class=\"sc_item_title sc_title_title sc_align_default sc_item_title_style_default sc_item_title_tag\">Seguro de da\u00f1os empresa<\/h4><\/div><!-- \/.sc_title -->[vc_column_text]<\/p>\n<ul>\n<li>Presentar solicitud completamente contestada.<\/li>\n<li>Debe tratarse de una construcci\u00f3n maciza y no en remodelaci\u00f3n.<\/li>\n<\/ul>\n<p>[\/vc_column_text][\/vc_column][vc_column width=&#8221;1\/3&#8243;]<div id=\"sc_title_1547652774\"\r\n\t\tclass=\"sc_title_align_default sc_title sc_title_default\"><h4 class=\"sc_item_title sc_title_title sc_align_default sc_item_title_style_default sc_item_title_tag\">Seguro de da\u00f1os hogar<\/h4><\/div><!-- \/.sc_title -->[vc_column_text]<\/p>\n<ul>\n<li style=\"font-weight: 400;\"><span style=\"font-weight: 400;\">Proporcionar informaci\u00f3n real, comprobable en cualquier momento de la vigencia de la p\u00f3liza.<\/span><\/li>\n<li style=\"font-weight: 400;\"><span style=\"font-weight: 400;\">Requisitar solicitud de seguro proporcionada por el agente.<\/span><\/li>\n<\/ul>\n<p>[\/vc_column_text][\/vc_column][\/vc_row][vc_row css=&#8221;.vc_custom_1605298798608{margin-bottom: 80px !important;}&#8221;][vc_column width=&#8221;1\/3&#8243;]<div id=\"sc_title_627275381\"\r\n\t\tclass=\"sc_title_align_default sc_title sc_title_default\"><h4 class=\"sc_item_title sc_title_title sc_align_default sc_item_title_style_default sc_item_title_tag\">Seguro de calidad de la vivienda<\/h4><\/div><!-- \/.sc_title -->[vc_column_text]<span style=\"font-weight: 400;\">Val\u00eddalo con tu desarrollo <\/span>[\/vc_column_text][\/vc_column][\/vc_row]<\/p>\n","protected":false},"excerpt":{"rendered":"<p>[vc_row css=&#8221;.vc_custom_1605295785264{margin-bottom: 80px !important;}&#8221;][vc_column width=&#8221;1\/3&#8243;][vc_column_text] Solicitud debidamente requisitada. Tarjeta de circulaci\u00f3n. Identificaci\u00f3n oficial. Comprobante de domicilio. [\/vc_column_text][\/vc_column][vc_column width=&#8221;1\/3&#8243;][vc_column_text] Que tu auto cuente con un m\u00ednimo 30 a\u00f1os de antig\u00fcedad. Contar con placas de auto antiguo. Contar con el aval\u00fao. [\/vc_column_text][\/vc_column][vc_column&hellip;<\/p>\n","protected":false},"author":1,"featured_media":0,"parent":1959,"menu_order":0,"comment_status":"closed","ping_status":"closed","template":"","meta":[],"_links":{"self":[{"href":"http:\/\/latinoseguros.com.mx\/sitio2020\/wp-json\/wp\/v2\/pages\/1962"}],"collection":[{"href":"http:\/\/latinoseguros.com.mx\/sitio2020\/wp-json\/wp\/v2\/pages"}],"about":[{"href":"http:\/\/latinoseguros.com.mx\/sitio2020\/wp-json\/wp\/v2\/types\/page"}],"author":[{"embeddable":true,"href":"http:\/\/latinoseguros.com.mx\/sitio2020\/wp-json\/wp\/v2\/users\/1"}],"replies":[{"embeddable":true,"href":"http:\/\/latinoseguros.com.mx\/sitio2020\/wp-json\/wp\/v2\/comments?post=1962"}],"version-history":[{"count":11,"href":"http:\/\/latinoseguros.com.mx\/sitio2020\/wp-json\/wp\/v2\/pages\/1962\/revisions"}],"predecessor-version":[{"id":1980,"href":"http:\/\/latinoseguros.com.mx\/sitio2020\/wp-json\/wp\/v2\/pages\/1962\/revisions\/1980"}],"up":[{"embeddable":true,"href":"http:\/\/latinoseguros.com.mx\/sitio2020\/wp-json\/wp\/v2\/pages\/1959"}],"wp:attachment":[{"href":"http:\/\/latinoseguros.com.mx\/sitio2020\/wp-json\/wp\/v2\/media?parent=1962"}],"curies":[{"name":"wp","href":"https:\/\/api.w.org\/{rel}","templated":true}]}}