{"id":1722,"date":"2020-11-06T12:25:59","date_gmt":"2020-11-06T18:25:59","guid":{"rendered":"http:\/\/latinoseguros.com.mx.previewc75.carrierzone.com\/sitio2020\/?page_id=1722"},"modified":"2020-11-23T14:51:43","modified_gmt":"2020-11-23T20:51:43","slug":"fovisste","status":"publish","type":"page","link":"http:\/\/latinoseguros.com.mx\/sitio2020\/calidad-de-la-vivienda\/fovisste\/","title":{"rendered":"Seguro de Protecci\u00f3n a la Vivienda FOVISSSTE"},"content":{"rendered":"<p>[vc_row full_width=&#8221;stretch_row&#8221;][vc_column]<div id=\"sc_title_939919583\"\r\n\t\tclass=\"sc_title_align_center sc_title sc_title_default\"><h3 class=\"sc_item_title sc_title_title sc_align_center sc_item_title_style_default\">\u00bfPor qu\u00e9 contratar un seguro de da\u00f1os al hogar?<\/h3><\/div><!-- \/.sc_title -->[\/vc_column][\/vc_row][vc_row content_placement=&#8221;middle&#8221; css=&#8221;.vc_custom_1604527261597{margin-bottom: 100px !important;}&#8221;][vc_column width=&#8221;1\/2&#8243;][vc_single_image image=&#8221;1728&#8243; img_size=&#8221;full&#8221;][\/vc_column][vc_column width=&#8221;1\/2&#8243;][vc_column_text]<span style=\"font-weight: 400;\">El seguro de protecci\u00f3n a la vivienda est\u00e1 dise\u00f1ado para\u00a0 proteger tu casa nueva adquirida a trav\u00e9s de\u00a0 un cr\u00e9dito\u00a0 por par parte de <\/span><b>FOVISSSTE<\/b><span style=\"font-weight: 400;\">\u00a0 contra da\u00f1os estructurales, da\u00f1os en instalaciones hidrosanitarias y el\u00e9ctricas; cubre costos de reparaci\u00f3n\u00a0 o restituci\u00f3n de la impermeabilizaci\u00f3n, adem\u00e1s de recibir servicios adicionales como asistencia m\u00e9dica, asistencia al hogar, soporte t\u00e9cnico y una gran red de descuentos en establecimientos comerciales.<\/span>[\/vc_column_text][\/vc_column][\/vc_row][vc_row css=&#8221;.vc_custom_1604689478482{margin-bottom: 50px !important;}&#8221;][vc_column]<div id=\"sc_title_2031494158\"\r\n\t\tclass=\"sc_title_align_center sc_title sc_title_default\"><h3 class=\"sc_item_title sc_title_title sc_align_center sc_item_title_style_default sc_item_title_tag\">Coberturas Protecci\u00f3n a la Vivienda<\/h3><\/div><!-- \/.sc_title -->[\/vc_column][\/vc_row][vc_row equal_height=&#8221;yes&#8221; css=&#8221;.vc_custom_1604689491220{margin-bottom: 50px !important;}&#8221;][vc_column width=&#8221;1\/3&#8243;][vc_column_text]<\/p>\n<h5 style=\"text-align: center;\"><b>DA\u00d1O ESTRUCTURAL<\/b><\/h5>\n<p style=\"text-align: center;\"><span style=\"font-weight: 400;\">Si tu vivienda sufre alg\u00fan da\u00f1o en su estructura el cual comprometa su resistencia o estabilidad y estos da\u00f1os sean a consecuencia de fallas o errores de dise\u00f1o incluyendo defectos de ejecuci\u00f3n o de los materiales, cubriremos los costos de reparaci\u00f3n que sean necesarios para salvaguardar la construcci\u00f3n.<\/span><\/p>\n<p>[\/vc_column_text][\/vc_column][vc_column width=&#8221;1\/3&#8243;][vc_column_text]<\/p>\n<h5 style=\"text-align: center;\"><b>IMPERMEABILIZACI\u00d3N<\/b><\/h5>\n<p style=\"text-align: center;\"><span style=\"font-weight: 400;\">Cubriremos los costos de reparaci\u00f3n o restituci\u00f3n de la impermeabilizaci\u00f3n de las cubiertas de tu vivienda si existe alguna falla en su colocaci\u00f3n, o defectos en los materiales, cuando existe manifestaci\u00f3n de la falla en su funcionamiento evidenciada por humedad o entrada de agua desde el exterior.<\/span><\/p>\n<p>[\/vc_column_text][\/vc_column][vc_column width=&#8221;1\/3&#8243;][vc_column_text]<\/p>\n<h5 style=\"text-align: center;\"><b>INSTALACIONES HIDROSANITARIAS Y EL\u00c9CTRICAS<\/b><\/h5>\n<p style=\"text-align: center;\"><span style=\"font-weight: 400;\">Cubriremos los costos de reparaci\u00f3n o restituci\u00f3n de aquellos materiales y elementos que conforman las instalaciones hidrosanitarias y el\u00e9ctricas que resulten como consecuencia de vicios ocultos, errores de dise\u00f1o, defectos en los materiales o en la instalaci\u00f3n de los mismos.<\/span><\/p>\n<p>[\/vc_column_text][\/vc_column][\/vc_row][vc_row css=&#8221;.vc_custom_1604689660129{margin-bottom: 50px !important;}&#8221;][vc_column width=&#8221;1\/4&#8243;][vc_column_text]<\/p>\n<h5 style=\"text-align: center;\"><b>ASISTENCIA M\u00c9DICA<\/b><\/h5>\n<ul>\n<li style=\"font-weight: 400; text-align: left;\"><span style=\"font-weight: 400;\">Consultor\u00eda m\u00e9dica telef\u00f3nica<\/span><\/li>\n<li style=\"font-weight: 400; text-align: left;\"><span style=\"font-weight: 400;\">Ambulancia terrestre por emergencia<\/span><\/li>\n<li style=\"font-weight: 400; text-align: left;\"><span style=\"font-weight: 400;\">Consulta general en consultorio<\/span><\/li>\n<li style=\"font-weight: 400; text-align: left;\"><span style=\"font-weight: 400;\">M\u00e9dico general a domicilio<\/span><\/li>\n<li style=\"font-weight: 400; text-align: left;\"><span style=\"font-weight: 400;\">Referencias m\u00e9dicas<\/span><\/li>\n<\/ul>\n<p>[\/vc_column_text][\/vc_column][vc_column width=&#8221;1\/4&#8243;][vc_column_text]<\/p>\n<h5 style=\"text-align: center;\"><b>SOPORTE T\u00c9CNICO<\/b><\/h5>\n<ul>\n<li style=\"font-weight: 400;\"><span style=\"font-weight: 400;\">Telef\u00f3nico<\/span><\/li>\n<li style=\"font-weight: 400;\"><span style=\"font-weight: 400;\">Remoto<\/span><\/li>\n<li style=\"font-weight: 400;\"><span style=\"font-weight: 400;\">Presencial<\/span><\/li>\n<\/ul>\n<p>[\/vc_column_text][\/vc_column][vc_column width=&#8221;1\/4&#8243;][vc_column_text]<\/p>\n<h5 style=\"text-align: center;\"><b>ASISTENCIA AL HOGAR<\/b><\/h5>\n<ul>\n<li style=\"font-weight: 400;\"><span style=\"font-weight: 400;\">Cerrajer\u00eda casa<\/span><\/li>\n<li style=\"font-weight: 400;\"><span style=\"font-weight: 400;\">Electricidad<\/span><\/li>\n<li style=\"font-weight: 400;\"><span style=\"font-weight: 400;\">Plomer\u00eda<\/span><\/li>\n<li style=\"font-weight: 400;\"><span style=\"font-weight: 400;\">Vidrier\u00eda<\/span><\/li>\n<\/ul>\n<p>[\/vc_column_text][\/vc_column][vc_column width=&#8221;1\/4&#8243;][vc_column_text]<\/p>\n<h5 style=\"text-align: center;\"><b>RED DE DESCUENTOS<\/b><\/h5>\n<p style=\"text-align: center;\"><span style=\"font-weight: 400;\">Red de descuento en establecimientos comerciales de marcas reconocidas<\/span><\/p>\n<p>[\/vc_column_text][\/vc_column][\/vc_row][vc_row css=&#8221;.vc_custom_1604690063322{margin-bottom: 30px !important;}&#8221;][vc_column][vc_column_text]<\/p>\n<p style=\"text-align: right;\"><b>RECOMENDACI\u00d3N: No alteres la construcci\u00f3n de tu vivienda.<\/b><\/p>\n<p>[\/vc_column_text][\/vc_column][\/vc_row][vc_row full_width=&#8221;stretch_row&#8221; content_placement=&#8221;middle&#8221; css=&#8221;.vc_custom_1604690099426{margin-bottom: 70px !important;padding-top: 20px !important;padding-bottom: 20px !important;background-color: #003c71 !important;}&#8221;][vc_column][vc_column_text]<\/p>\n<p style=\"text-align: center; margin-top:0; color:#FFF;\">Llama al 55 5809 4644 para solicitar tus servicios. Te estaremos apoyando las 24 horas, los 365 d\u00edas del a\u00f1o.<\/p>\n<p>[\/vc_column_text][\/vc_column][\/vc_row][vc_row][vc_column width=&#8221;1\/2&#8243;]<div  id=\"sc_price_737494008\" \n\tclass=\"sc_price sc_price_default\"><a href=\"https:\/\/servintp.latinoseguros.com.mx:8091\/sites\/fovissste\/cliente\/wfrmbuscacertificado.aspx\" class=\"sc_price_icon\"><span class=\"icon-users-group\"><\/span><\/a><div class=\"sc_price_info\"><div class=\"sc_price_title\"><a href=\"https:\/\/servintp.latinoseguros.com.mx:8091\/sites\/fovissste\/cliente\/wfrmbuscacertificado.aspx\">ASEGURADOS<\/a><\/div><div class=\"sc_price_description\">Si eres nuestro asegurado puedes consultar el certificado de tu seguro de Patrimonio de Calidad<\/div><a href=\"https:\/\/servintp.latinoseguros.com.mx:8091\/sites\/fovissste\/cliente\/wfrmbuscacertificado.aspx\" class=\"sc_price_link\" target=\"_blank\">Consultar Certificado<\/a><\/div>\n<\/div>[\/vc_column][vc_column width=&#8221;1\/2&#8243;]<div  id=\"sc_price_162928975\" \n\tclass=\"sc_price sc_price_default\"><a href=\"https:\/\/servintp.latinoseguros.com.mx:8091\/sites\/fovissste\/desarrolladores\/login.aspx\" class=\"sc_price_icon\"><span class=\"fas fa-hard-hat\"><\/span><\/a><div class=\"sc_price_info\"><div class=\"sc_price_title\"><a href=\"https:\/\/servintp.latinoseguros.com.mx:8091\/sites\/fovissste\/desarrolladores\/login.aspx\">DESARROLLADORES<\/a><\/div><div class=\"sc_price_description\">Consulta la documentaci\u00f3n correspondiente a Certificados, Recibos y Facturas<\/div><a href=\"https:\/\/servintp.latinoseguros.com.mx:8091\/sites\/fovissste\/desarrolladores\/login.aspx\" class=\"sc_price_link\" target=\"_blank\">Ingresar<\/a><\/div>\n<\/div>[\/vc_column][\/vc_row]<\/p>\n","protected":false},"excerpt":{"rendered":"<p>[vc_row full_width=&#8221;stretch_row&#8221;][vc_column][\/vc_column][\/vc_row][vc_row content_placement=&#8221;middle&#8221; css=&#8221;.vc_custom_1604527261597{margin-bottom: 100px !important;}&#8221;][vc_column width=&#8221;1\/2&#8243;][vc_single_image image=&#8221;1728&#8243; img_size=&#8221;full&#8221;][\/vc_column][vc_column width=&#8221;1\/2&#8243;][vc_column_text]El seguro de protecci\u00f3n a la vivienda est\u00e1 dise\u00f1ado para\u00a0 proteger tu casa nueva adquirida a trav\u00e9s de\u00a0 un cr\u00e9dito\u00a0 por par parte de FOVISSSTE\u00a0 contra da\u00f1os estructurales, da\u00f1os en instalaciones&hellip;<\/p>\n","protected":false},"author":1,"featured_media":0,"parent":1715,"menu_order":0,"comment_status":"closed","ping_status":"closed","template":"","meta":[],"_links":{"self":[{"href":"http:\/\/latinoseguros.com.mx\/sitio2020\/wp-json\/wp\/v2\/pages\/1722"}],"collection":[{"href":"http:\/\/latinoseguros.com.mx\/sitio2020\/wp-json\/wp\/v2\/pages"}],"about":[{"href":"http:\/\/latinoseguros.com.mx\/sitio2020\/wp-json\/wp\/v2\/types\/page"}],"author":[{"embeddable":true,"href":"http:\/\/latinoseguros.com.mx\/sitio2020\/wp-json\/wp\/v2\/users\/1"}],"replies":[{"embeddable":true,"href":"http:\/\/latinoseguros.com.mx\/sitio2020\/wp-json\/wp\/v2\/comments?post=1722"}],"version-history":[{"count":12,"href":"http:\/\/latinoseguros.com.mx\/sitio2020\/wp-json\/wp\/v2\/pages\/1722\/revisions"}],"predecessor-version":[{"id":2317,"href":"http:\/\/latinoseguros.com.mx\/sitio2020\/wp-json\/wp\/v2\/pages\/1722\/revisions\/2317"}],"up":[{"embeddable":true,"href":"http:\/\/latinoseguros.com.mx\/sitio2020\/wp-json\/wp\/v2\/pages\/1715"}],"wp:attachment":[{"href":"http:\/\/latinoseguros.com.mx\/sitio2020\/wp-json\/wp\/v2\/media?parent=1722"}],"curies":[{"name":"wp","href":"https:\/\/api.w.org\/{rel}","templated":true}]}}